{"id":408,"date":"2025-12-21T18:12:41","date_gmt":"2025-12-21T18:12:41","guid":{"rendered":"https:\/\/boixdesign-hbk4ltfj3t.live-website.com\/?page_id=408"},"modified":"2025-12-31T13:12:01","modified_gmt":"2025-12-31T13:12:01","slug":"legal","status":"publish","type":"page","link":"https:\/\/boixdesign.com\/fr\/legal","title":{"rendered":"Mentions l\u00e9gales"},"content":{"rendered":"<div class=\"wpb-content-wrapper\"><div      class=\"vc_row wpb_row section vc_row-fluid  vc_custom_1464940599530 grid_section\" style=' text-align:center;'><div class=\"section_inner clearfix\"><div class='section_inner_margin clearfix'><div class=\"wpb_column vc_column_container vc_col-sm-12\"><div class=\"vc_column-inner\"><div class=\"wpb_wrapper\">\n\t<div class=\"wpb_text_column wpb_content_element\">\n\t\t<div class=\"wpb_wrapper\">\n\t\t\t<h3>Textos legales<\/h3>\n\n\t\t<\/div>\n\t<\/div><div class=\"separator  small center\" style=\"margin-top: -10px;margin-bottom: 0px;background-color: #e05038;height: 1px;width: 238px;\"><\/div><div class=\"vc_empty_space\"  style=\"height: 35px\" >\n\t<span class=\"vc_empty_space_inner\">\n\t\t<span class=\"empty_space_image\"  ><\/span>\n\t<\/span>\n<\/div>\n\t<div class=\"wpb_text_column wpb_content_element\">\n\t\t<div class=\"wpb_wrapper\">\n\t\t\t<h2>Mentions l\u00e9gales<\/h2>\n\n\t\t<\/div>\n\t<\/div><div class=\"vc_empty_space\"  style=\"height: 27px\" >\n\t<span class=\"vc_empty_space_inner\">\n\t\t<span class=\"empty_space_image\"  ><\/span>\n\t<\/span>\n<\/div>\n\t<div class=\"wpb_single_image wpb_content_element vc_align_center\">\n\t\t<div class=\"wpb_wrapper\">\n\t\t\t\n\t\t\t<div class=\"vc_single_image-wrapper   vc_box_border_grey\"><img loading=\"lazy\" decoding=\"async\" width=\"126\" height=\"11\" src=\"https:\/\/boixdesign.com\/wp-content\/uploads\/2016\/05\/pattern-short.png\" class=\"vc_single_image-img attachment-full\" alt=\"a\" title=\"pattern-short\" \/><\/div>\n\t\t<\/div>\n\t<\/div>\n<div class=\"vc_empty_space\"  style=\"height: 40px\" >\n\t<span class=\"vc_empty_space_inner\">\n\t\t<span class=\"empty_space_image\"  ><\/span>\n\t<\/span>\n<\/div><\/div><\/div><\/div><\/div><\/div><\/div><div      class=\"vc_row wpb_row section vc_row-fluid  grid_section\" style=' text-align:left;'><div class=\"section_inner clearfix\"><div class='section_inner_margin clearfix'><div class=\"wpb_column vc_column_container vc_col-sm-12\"><div class=\"vc_column-inner\"><div class=\"wpb_wrapper\">\n\t<div class=\"wpb_text_column wpb_content_element\">\n\t\t<div class=\"wpb_wrapper\">\n\t\t\t<section class=\"page-section section-content\">\n<div class=\"container\">\n<p id=\"u7301-2\">De acuerdo con la ley 34\/2002, d&#8217;11 de Julio, de servicios de la sociedad de la informaci\u00f3n y comercio electr\u00f3nico, indicamos los datos de informaci\u00f3n general de este sitio web.<\/p>\n<p id=\"u7301-5\">Titular: Boix y Asociados, S.A.<\/p>\n<p id=\"u7301-7\">CIF: A 58899519<\/p>\n<p id=\"u7301-9\">Direcci\u00f3n: Avenida de Madrid, 190, 2\u00ba 1\u00aa<\/p>\n<p id=\"u7301-11\">Tel\u00e9fono: 93 409 28 52<\/p>\n<p id=\"u7301-13\">Correo electr\u00f3nico: informacion@boixasociads.com<\/p>\n<p id=\"u7301-15\">Datos Registrales Inscrito en: REGISTRO MERCANTIL DE BARCELONA, TOMO 20396, FOLIO 183, HOJA N\u00ba B-6183<\/p>\n<p id=\"u7301-18\"><span id=\"u7301-17\">A continuaci\u00f3n aparecen los t\u00e9rminos de acuerdo legal que se establecen entre el usuario y Boix y Asociados, S.A. Al acceder, navegar y\/o utilizar este sitio web, el usuario manifiesta haber le\u00eddo, entendido y estar de acuerdo en estos t\u00e9rminos y cumplir todas las normas aplicables.<\/span><\/p>\n<p id=\"u7301-20\">El acceso y uso de la web tiene car\u00e1cter gratuito para los usuarios y no exige su registro previo.<\/p>\n<p id=\"u7301-22\">La reproducci\u00f3n, copia, uso, distribuci\u00f3n, comercializaci\u00f3n, comunicaci\u00f3n p\u00fablica o cualquier otra actividad que se pueda llevar a t\u00e9rmino con la informaci\u00f3n contenida en esta p\u00e1gina web y que se realice sin la autorizaci\u00f3n previa de Boix y Asociados, constituye una infracci\u00f3n castigada por la legislaci\u00f3n vigente.<\/p>\n<p id=\"u7301-24\">Los nombres y logotipos expuestos en esta p\u00e1gina son marcas comerciales registradas.<\/p>\n<p id=\"u7301-26\">Boix y Asociados, S.A. no se hace responsable de la mala utilizaci\u00f3n de los contenidos de esta web y se reserva el derecho a actualizarlos, eliminarlos, establecer limitaciones o restringir su acceso en cualquier momento, de manera temporal o permanente.<\/p>\n<p id=\"u7301-28\">Boix y Asociados, S.A. no se hace responsable de los contenidos, ni de los datos que se puedan recoger, a los enlaces a terceros que aparecen en su web. La finalidad de \u00e9stos es la de permitir la b\u00fasqueda de la informaci\u00f3n de la forma m\u00e1s r\u00e1pida y efectiva posible, y es por esto que se facilitan, sin ninguna otra pretensi\u00f3n que la estrictamente informativa.<\/p>\n<p>&nbsp;<\/p>\n<h4><strong><span class=\"has-inline-color has-vivid-red-color\">POLITICA DE PRIVACIDAD<\/span><\/strong><\/h4>\n<p id=\"u7301-33\">De conformidad con lo que dispone el art\u00edculo 5 de la LO 15\/1999, del 13 de diciembre, de protecci\u00f3n de datos de car\u00e1cter personal, se informa a las personas que llenen los formularios contenidos en este sitio web, que sus datos personales quedar\u00e1n incorporados en un fichero, comunicado al Registro General de Protecci\u00f3n de Datos, con la finalidad de poder satisfacer su solicitud y hacerles llegar la informaci\u00f3n sobre nuestros servicios por correo electr\u00f3nico u ordinario. El responsable de estos ficheros es Boix y Asociados, S.A. domiciliada en la Calle Avda. de Madrid 190, 2\u00aa1\u00ba, 08028 de Barcelona, ante la cual pueden ejercer en los temas establecidos en la nombrada normativa, los derechos de acceso, rectificaci\u00f3n, cancelaci\u00f3n y oposici\u00f3n respecto a los datos incluidos en los ficheros, dirigi\u00e9ndose a boixasociados@boixasociados.com<\/p>\n<p id=\"u7301-35\">Cualquier modificaci\u00f3n de sus datos de car\u00e1cter personal habr\u00e1 de ser notificada para que nuestro fichero est\u00e9 actualizado y no contenga errores. As\u00ed mismo, aceptando este aviso legal, reconocen que la informaci\u00f3n y los datos personales recogidos son exactos y ciertos.<\/p>\n<p id=\"u7301-37\">Aceptando este aviso legal dan su consentimiento, de acuerdo con los art\u00edculos 11 y 34 e) de la LOPD, para comunicar sus datos a favor de Boix y Asociados, S.A.<\/p>\n<p id=\"u7301-39\"><span id=\"u7301-38\">Boix y Asociados, S.A., les informa que tiene implantadas medidas de seguridad t\u00e9cnicas y organizativas necesarias para garantizar la seguridad de sus datos de car\u00e1cter personal y evitar su alteraci\u00f3n, p\u00e9rdida y tratamiento y\/o acceso no autorizado.<\/span><\/p>\n<\/div>\n<\/section>\n\n\t\t<\/div>\n\t<\/div><\/div><\/div><\/div><\/div><\/div><\/div>\n<\/div>","protected":false},"excerpt":{"rendered":"Textos legales Aviso legal De acuerdo con la ley 34\/2002, d'11 de Julio, de servicios de la sociedad de la informaci\u00f3n y comercio electr\u00f3nico, indicamos los datos de informaci\u00f3n general de este sitio web. Titular: Boix y Asociados, S.A. CIF: A 58899519 Direcci\u00f3n: Avenida de...","protected":false},"author":1,"featured_media":0,"parent":0,"menu_order":0,"comment_status":"closed","ping_status":"closed","template":"full_width.php","meta":{"content-type":"","footnotes":""},"class_list":["post-408","page","type-page","status-publish","hentry"],"_links":{"self":[{"href":"https:\/\/boixdesign.com\/fr\/wp-json\/wp\/v2\/pages\/408","targetHints":{"allow":["GET"]}}],"collection":[{"href":"https:\/\/boixdesign.com\/fr\/wp-json\/wp\/v2\/pages"}],"about":[{"href":"https:\/\/boixdesign.com\/fr\/wp-json\/wp\/v2\/types\/page"}],"author":[{"embeddable":true,"href":"https:\/\/boixdesign.com\/fr\/wp-json\/wp\/v2\/users\/1"}],"replies":[{"embeddable":true,"href":"https:\/\/boixdesign.com\/fr\/wp-json\/wp\/v2\/comments?post=408"}],"version-history":[{"count":5,"href":"https:\/\/boixdesign.com\/fr\/wp-json\/wp\/v2\/pages\/408\/revisions"}],"predecessor-version":[{"id":415,"href":"https:\/\/boixdesign.com\/fr\/wp-json\/wp\/v2\/pages\/408\/revisions\/415"}],"wp:attachment":[{"href":"https:\/\/boixdesign.com\/fr\/wp-json\/wp\/v2\/media?parent=408"}],"curies":[{"name":"wp","href":"https:\/\/api.w.org\/{rel}","templated":true}]}}