{"id":267,"date":"2025-09-17T14:38:52","date_gmt":"2025-09-17T14:38:52","guid":{"rendered":"https:\/\/boixdesign-hbk4ltfj3t.live-website.com\/?page_id=267"},"modified":"2025-12-31T13:12:48","modified_gmt":"2025-12-31T13:12:48","slug":"falta-muy-poquito","status":"publish","type":"page","link":"https:\/\/boixdesign.com\/fr\/falta-muy-poquito","title":{"rendered":"en construccion"},"content":{"rendered":"<h2>Disculpa este desastre<\/h2>\n<h1 style=\"text-align: center;\"><strong>BOIX DESIGN<\/strong><\/h1>\n<h2>en mantenimiento<\/h2>\n<p><a href=\"mailto:informacion@boixasociados.com\">online@boixdesign.com<\/a><\/p>\n<p id=\"u139-11\">93 409 28 52<\/p>\n\n\t<div class=\"wpb_single_image wpb_content_element vc_align_center\">\n\t\t<div class=\"wpb_wrapper\">\n\t\t\t\n\t\t\t<div class=\"vc_single_image-wrapper   vc_box_border_grey\"><img loading=\"lazy\" decoding=\"async\" width=\"200\" height=\"200\" src=\"https:\/\/boixdesign.com\/wp-content\/uploads\/2020\/12\/spinner.gif\" class=\"vc_single_image-img attachment-full\" alt=\"\" title=\"spinner\" \/><\/div>\n\t\t<\/div>\n\t<\/div>\n\n<p role=\"status\" aria-live=\"polite\" aria-atomic=\"true\">\n<ul><\/ul>\n<form action=\"\/wp-admin\/admin-ajax.php#wpcf7-f261-o3\" method=\"post\" aria-label=\"Formulario de contacto\" novalidate=\"novalidate\" data-status=\"init\" data-trp-original-action=\"\/wp-admin\/admin-ajax.php#wpcf7-f261-o3\">\n<input type=\"hidden\" name=\"_wpcf7\" value=\"261\" \/><br \/>\n<input type=\"hidden\" name=\"_wpcf7_version\" value=\"6.0.6\" \/><br \/>\n<input type=\"hidden\" name=\"_wpcf7_locale\" value=\"es_ES\" \/><br \/>\n<input type=\"hidden\" name=\"_wpcf7_unit_tag\" value=\"wpcf7-f261-o3\" \/><br \/>\n<input type=\"hidden\" name=\"_wpcf7_container_post\" value=\"0\" \/><br \/>\n<input type=\"hidden\" name=\"_wpcf7_posted_data_hash\" value=\"\" \/><br \/>\n<input type=\"hidden\" name=\"_wpcf7_recaptcha_response\" value=\"\" \/><br \/>\n<label> Nom<br \/>\n<input size=\"40\" maxlength=\"400\" aria-required=\"true\" aria-invalid=\"false\" placeholder=\"Saisissez votre nom ici\" value=\"\" type=\"text\" name=\"Nombre\" \/><br \/>\n<\/label><br \/>\n<label> Adresse e-mail<br \/>\n<input size=\"40\" maxlength=\"400\" aria-required=\"true\" aria-invalid=\"false\" placeholder=\"Saisissez votre e-mail ici\" value=\"\" type=\"email\" name=\"email\" \/><br \/>\n<\/label><br \/>\n<label> Objet<br \/>\n<input size=\"40\" maxlength=\"400\" aria-required=\"true\" aria-invalid=\"false\" placeholder=\"Un bon titre nous aide.\" value=\"\" type=\"text\" name=\"Asunto\" \/><br \/>\n<\/label><br \/>\n<label> Message<br \/>\n<textarea cols=\"40\" rows=\"10\" maxlength=\"2000\" aria-invalid=\"false\" placeholder=\"Dites-nous tout : nous serons ravis de lire votre message.\" name=\"your-message\"><\/textarea><br \/>\n<\/label><br \/>\n<label> R\u00e9pondez \u00e0 cette question de s\u00e9curit\u00e9<br \/>\n<label>\u00bfDe que color es la lechuga? <input size=\"40\" autocomplete=\"off\" aria-required=\"true\" aria-invalid=\"false\" type=\"text\" name=\"Seguridad\" \/><\/label><input type=\"hidden\" name=\"_wpcf7_quiz_answer_Seguridad\" value=\"649d8e3cd9810077d5e506eac8a2792a\" \/><br \/>\n<\/label><br \/>\n<label><input type=\"checkbox\" name=\"Aceptacion\" value=\"1\" aria-invalid=\"false\" \/>J\u2019accepte les conditions d\u2019utilisation du site.<\/label><br \/>\n<input type=\"submit\" value=\"Envoyer\" \/><input type=\"hidden\" name=\"trp-form-language\" value=\"fr\"\/><\/p>\n<p style=\"display: none !important;\" data-prefix=\"_wpcf7_ak_\"><label>&#916;<textarea name=\"_wpcf7_ak_hp_textarea\" cols=\"45\" rows=\"8\" maxlength=\"100\"><\/textarea><\/label><input type=\"hidden\" id=\"ak_js_3\" name=\"_wpcf7_ak_js\" value=\"39\"\/><\/p>\n<\/form>","protected":false},"excerpt":{"rendered":"<p>Disculpa este desastre BOIX DESIGN en mantenimiento online@boixdesign.com 93 409 28 52 Nombre Correo electr\u00f3nico Asunto Mensaje Responde a esta pregunta de seguridad \u00bfDe que color es la lechuga? Acepto las condiciones de uso de la web &#916;<\/p>","protected":false},"author":1,"featured_media":0,"parent":0,"menu_order":0,"comment_status":"closed","ping_status":"closed","template":"landing_page.php","meta":{"content-type":"","footnotes":""},"class_list":["post-267","page","type-page","status-publish","hentry"],"_links":{"self":[{"href":"https:\/\/boixdesign.com\/fr\/wp-json\/wp\/v2\/pages\/267","targetHints":{"allow":["GET"]}}],"collection":[{"href":"https:\/\/boixdesign.com\/fr\/wp-json\/wp\/v2\/pages"}],"about":[{"href":"https:\/\/boixdesign.com\/fr\/wp-json\/wp\/v2\/types\/page"}],"author":[{"embeddable":true,"href":"https:\/\/boixdesign.com\/fr\/wp-json\/wp\/v2\/users\/1"}],"replies":[{"embeddable":true,"href":"https:\/\/boixdesign.com\/fr\/wp-json\/wp\/v2\/comments?post=267"}],"version-history":[{"count":34,"href":"https:\/\/boixdesign.com\/fr\/wp-json\/wp\/v2\/pages\/267\/revisions"}],"predecessor-version":[{"id":938,"href":"https:\/\/boixdesign.com\/fr\/wp-json\/wp\/v2\/pages\/267\/revisions\/938"}],"wp:attachment":[{"href":"https:\/\/boixdesign.com\/fr\/wp-json\/wp\/v2\/media?parent=267"}],"curies":[{"name":"wp","href":"https:\/\/api.w.org\/{rel}","templated":true}]}}