{"id":222,"date":"2025-12-18T08:45:38","date_gmt":"2025-12-18T08:45:38","guid":{"rendered":"http:\/\/bridge37.qodeinteractive.com\/?page_id=222"},"modified":"2026-02-26T08:34:47","modified_gmt":"2026-02-26T08:34:47","slug":"portafolio","status":"publish","type":"page","link":"https:\/\/boixdesign.com\/fr\/portafolio","title":{"rendered":"Portfolio"},"content":{"rendered":"<div class=\"wpb-content-wrapper\"><div      class=\"vc_row wpb_row section vc_row-fluid  vc_custom_1464940599530 grid_section\" style=' text-align:center;'><div class=\"section_inner clearfix\"><div class='section_inner_margin clearfix'><div class=\"wpb_column vc_column_container vc_col-sm-12\"><div class=\"vc_column-inner\"><div class=\"wpb_wrapper\">\n\t<div class=\"wpb_text_column wpb_content_element\">\n\t\t<div class=\"wpb_wrapper\">\n\t\t\t<h3>De un vistazo<\/h3>\n\n\t\t<\/div>\n\t<\/div><div class=\"separator  small center\" style=\"margin-top: -10px;margin-bottom: 0px;background-color: #e05038;height: 1px;width: 238px;\"><\/div><div class=\"vc_empty_space\"  style=\"height: 35px\" >\n\t<span class=\"vc_empty_space_inner\">\n\t\t<span class=\"empty_space_image\"  ><\/span>\n\t<\/span>\n<\/div>\n\t<div class=\"wpb_text_column wpb_content_element\">\n\t\t<div class=\"wpb_wrapper\">\n\t\t\t<h1 style=\"color: #222222; font-size: 44px; line-height: 50px; font-style: normal; font-weight: 300; letter-spacing: 4.4px; text-transform: uppercase; margin: 0 0 16px;\">PORTAFOLIO DE DISE\u00d1O GR\u00c1FICO<\/h1>\n\n\t\t<\/div>\n\t<\/div><div class=\"vc_empty_space\"  style=\"height: 27px\" >\n\t<span class=\"vc_empty_space_inner\">\n\t\t<span class=\"empty_space_image\"  ><\/span>\n\t<\/span>\n<\/div>\n\t<div class=\"wpb_single_image wpb_content_element vc_align_center\">\n\t\t<div class=\"wpb_wrapper\">\n\t\t\t\n\t\t\t<div class=\"vc_single_image-wrapper   vc_box_border_grey\"><img loading=\"lazy\" decoding=\"async\" width=\"126\" height=\"11\" src=\"https:\/\/boixdesign.com\/wp-content\/uploads\/2016\/05\/pattern-short.png\" class=\"vc_single_image-img attachment-full\" alt=\"a\" title=\"pattern-short\" \/><\/div>\n\t\t<\/div>\n\t<\/div>\n<div class=\"vc_empty_space\"  style=\"height: 40px\" >\n\t<span class=\"vc_empty_space_inner\">\n\t\t<span class=\"empty_space_image\"  ><\/span>\n\t<\/span>\n<\/div><\/div><\/div><\/div><\/div><\/div><\/div><div      class=\"vc_row wpb_row section vc_row-fluid  vc_custom_1772094881488\" style=' text-align:left;'><div class=\"full_section_inner clearfix\"><div class=\"wpb_column vc_column_container vc_col-sm-12\"><div class=\"vc_column-inner\"><div class=\"wpb_wrapper\">\n\t<div class=\"wpb_text_column wpb_content_element\">\n\t\t<div class=\"wpb_wrapper\">\n\t\t\t<p style=\"text-align: center;\">Boix Design es un estudio creativo que se especializa en una amplia gama de servicios de dise\u00f1o, incluyendo dise\u00f1o gr\u00e1fico, web, comunicaci\u00f3n y m\u00e1s. Con a\u00f1os de experiencia en la industria, nuestro equipo talentoso y apasionado brinda soluciones innovadoras y personalizadas a cada uno de nuestros clientes.<\/p>\n<p style=\"text-align: center;\">Nuestro portafolio es un reflejo de nuestra dedicaci\u00f3n y pasi\u00f3n por el dise\u00f1o. Aqu\u00ed, presentamos algunos de nuestros trabajos m\u00e1s destacados que demuestran nuestra capacidad de crear soluciones \u00fanicas e impactantes para una amplia variedad de clientes. Desde el dise\u00f1o de logotipos y materiales de marca hasta la creaci\u00f3n de sitios web y campa\u00f1as publicitarias, hemos trabajado en proyectos que requieren un enfoque detallado y una visi\u00f3n creativa.<\/p>\n<p style=\"text-align: center;\">Adem\u00e1s de nuestra habilidad para crear soluciones impactantes, tambi\u00e9n nos enorgullece nuestro enfoque en la atenci\u00f3n al cliente. Nos esforzamos por comprender las necesidades individuales de cada cliente y por traducir esas necesidades en soluciones efectivas y personalizadas. Trabajamos estrechamente con nuestros clientes para asegurarnos de que est\u00e9n satisfechos con el resultado final y de que sus objetivos se cumplan.<\/p>\n<p style=\"text-align: center;\">En Boix Design, creemos firmemente en el poder del dise\u00f1o para impulsar el \u00e9xito empresarial. Cada proyecto que llevamos a cabo es una oportunidad para ayudar a nuestros clientes a alcanzar sus metas y a diferenciarse en el mercado.<\/p>\n<p style=\"text-align: center;\">Adem\u00e1s, nos esforzamos constantemente por mantenernos al d\u00eda con las \u00faltimas tendencias y tecnolog\u00edas en el mundo del dise\u00f1o para garantizar que siempre ofrezcamos soluciones de vanguardia a nuestros clientes.<\/p>\n<p style=\"text-align: center;\">Si est\u00e1 buscando un estudio de dise\u00f1o confiable y talentoso para ayudar a impulsar su \u00e9xito empresarial, no dude en ponerse en contacto con Boix Design. Estamos ansiosos de trabajar con usted para crear soluciones impactantes y personalizadas.<\/p>\n\n\t\t<\/div>\n\t<\/div><div class=\"vc_empty_space\"  style=\"height: 27px\" >\n\t<span class=\"vc_empty_space_inner\">\n\t\t<span class=\"empty_space_image\"  ><\/span>\n\t<\/span>\n<\/div>\n\t<div class=\"wpb_single_image wpb_content_element vc_align_center\">\n\t\t<div class=\"wpb_wrapper\">\n\t\t\t\n\t\t\t<div class=\"vc_single_image-wrapper   vc_box_border_grey\"><img loading=\"lazy\" decoding=\"async\" width=\"126\" height=\"11\" src=\"https:\/\/boixdesign.com\/wp-content\/uploads\/2016\/05\/pattern-short.png\" class=\"vc_single_image-img attachment-full\" alt=\"a\" title=\"pattern-short\" \/><\/div>\n\t\t<\/div>\n\t<\/div>\n<div class=\"vc_empty_space\"  style=\"height: 40px\" >\n\t<span class=\"vc_empty_space_inner\">\n\t\t<span class=\"empty_space_image\"  ><\/span>\n\t<\/span>\n<\/div><\/div><\/div><\/div><\/div><\/div><div      class=\"vc_row wpb_row section vc_row-fluid  vc_custom_1464944937949\" style=' text-align:left;'><div class=\"full_section_inner clearfix\"><div class=\"wpb_column vc_column_container vc_col-sm-12\"><div class=\"vc_column-inner\"><div class=\"wpb_wrapper\"><div class='projects_holder_outer v4 portfolio_no_space portfolio_with_hover_text'>\n    \n    <div class='filter_outer'>\n        <div class='filter_holder'>\n            <ul>\n                                    <li class='filter' data-filter='all'>                        <span >All<\/span>\n                    <\/li>\n                \n                                                <li class='filter' data-filter='portfolio_category_13'>\n                                                        <span >Branding<\/span>\n                                    <\/li>\n                                                <li class='filter' data-filter='portfolio_category_5'>\n                                                        <span >Design<\/span>\n                                    <\/li>\n                                                <li class='filter' data-filter='portfolio_category_8'>\n                                                        <span >Photography<\/span>\n                                    <\/li>\n                                                <li class='filter' data-filter='portfolio_category_12'>\n                                                        <span >Video<\/span>\n                                    <\/li>\n                                                <li class='filter' data-filter='portfolio_category_14'>\n                                                        <span >Web<\/span>\n                                    <\/li>\n            \n            <\/ul>\n        <\/div>\n    <\/div>\n\n    <div class='projects_holder portfolio_main_holder clearfix v4  hover_text no_space portfolio_full_image portfolio_one_by_one'>\n        \n        <article class='mix portfolio_category_13 portfolio_category_5 portfolio_category_8 portfolio_category_12 portfolio_category_14 default' style=''>\n    \n    \n    \n    \n            <div class=\"item_holder cursor_change_hover\">\n\n                    <div class=\"text_holder\">\n        <div class=\"text_holder_outer\">\n            <div class=\"text_holder_inner\">\n            \n    <h5 itemprop=\"name\" class=\"portfolio_title entry_title\"><a itemprop=\"url\" href=\"https:\/\/boixdesign.com\/fr\/portfolio_page\/art-week-malmo\"  target=\"_self\"> Mitsa<\/a><\/h5>\n\n            <\/div>\n        <\/div>\n    <\/div>\n\n                                    <a itemprop=\"url\" class=\"portfolio_link_class\" title=\"Mitsa\" href=\"https:\/\/boixdesign.com\/fr\/portfolio_page\/art-week-malmo\"><\/a>\n                \n                <div style=\"\" class=\"portfolio_shader\"><\/div>\n                <div class=\"image_holder\">\n                    \n<span class='image'><img loading=\"lazy\" decoding=\"async\" width=\"1000\" height=\"1000\" src=\"https:\/\/boixdesign.com\/wp-content\/uploads\/2020\/12\/Mitsa.png\" class=\"attachment-full size-full wp-post-image\" alt=\"\" srcset=\"https:\/\/boixdesign.com\/wp-content\/uploads\/2020\/12\/Mitsa.png 1000w, https:\/\/boixdesign.com\/wp-content\/uploads\/2020\/12\/Mitsa-300x300.png 300w, https:\/\/boixdesign.com\/wp-content\/uploads\/2020\/12\/Mitsa-150x150.png 150w, https:\/\/boixdesign.com\/wp-content\/uploads\/2020\/12\/Mitsa-768x768.png 768w, https:\/\/boixdesign.com\/wp-content\/uploads\/2020\/12\/Mitsa-570x570.png 570w, https:\/\/boixdesign.com\/wp-content\/uploads\/2020\/12\/Mitsa-500x500.png 500w, https:\/\/boixdesign.com\/wp-content\/uploads\/2020\/12\/Mitsa-700x700.png 700w\" sizes=\"auto, (max-width: 1000px) 100vw, 1000px\" \/><\/span>                <\/div>\n            <\/div>\n\n        \n    \n<\/article>\n<article class='mix portfolio_category_5 portfolio_category_14 default' style=''>\n    \n    \n    \n    \n            <div class=\"item_holder cursor_change_hover\">\n\n                    <div class=\"text_holder\">\n        <div class=\"text_holder_outer\">\n            <div class=\"text_holder_inner\">\n            \n    <h5 itemprop=\"name\" class=\"portfolio_title entry_title\"><a itemprop=\"url\" href=\"https:\/\/boixdesign.com\/fr\/portfolio_page\/der-spiegel-cover-art\"  target=\"_self\"> DPA<\/a><\/h5>\n\n            <\/div>\n        <\/div>\n    <\/div>\n\n                                    <a itemprop=\"url\" class=\"portfolio_link_class\" title=\"DPA\" href=\"https:\/\/boixdesign.com\/fr\/portfolio_page\/der-spiegel-cover-art\"><\/a>\n                \n                <div style=\"\" class=\"portfolio_shader\"><\/div>\n                <div class=\"image_holder\">\n                    \n<span class='image'><img loading=\"lazy\" decoding=\"async\" width=\"1000\" height=\"1000\" src=\"https:\/\/boixdesign.com\/wp-content\/uploads\/2020\/12\/gallery-DPA.png\" class=\"attachment-full size-full wp-post-image\" alt=\"\" srcset=\"https:\/\/boixdesign.com\/wp-content\/uploads\/2020\/12\/gallery-DPA.png 1000w, https:\/\/boixdesign.com\/wp-content\/uploads\/2020\/12\/gallery-DPA-300x300.png 300w, https:\/\/boixdesign.com\/wp-content\/uploads\/2020\/12\/gallery-DPA-150x150.png 150w, https:\/\/boixdesign.com\/wp-content\/uploads\/2020\/12\/gallery-DPA-768x768.png 768w, https:\/\/boixdesign.com\/wp-content\/uploads\/2020\/12\/gallery-DPA-570x570.png 570w, https:\/\/boixdesign.com\/wp-content\/uploads\/2020\/12\/gallery-DPA-500x500.png 500w, https:\/\/boixdesign.com\/wp-content\/uploads\/2020\/12\/gallery-DPA-700x700.png 700w\" sizes=\"auto, (max-width: 1000px) 100vw, 1000px\" \/><\/span>                <\/div>\n            <\/div>\n\n        \n    \n<\/article>\n<article class='mix portfolio_category_5 portfolio_category_8 portfolio_category_12 default' style=''>\n    \n    \n    \n    \n            <div class=\"item_holder cursor_change_hover\">\n\n                    <div class=\"text_holder\">\n        <div class=\"text_holder_outer\">\n            <div class=\"text_holder_inner\">\n            \n    <h5 itemprop=\"name\" class=\"portfolio_title entry_title\"><a itemprop=\"url\" href=\"https:\/\/boixdesign.com\/fr\/portfolio_page\/vimeo-fx-showreel\"  target=\"_self\"> Sharp<\/a><\/h5>\n\n            <\/div>\n        <\/div>\n    <\/div>\n\n                                    <a itemprop=\"url\" class=\"portfolio_link_class\" title=\"Sharp\" href=\"https:\/\/boixdesign.com\/fr\/portfolio_page\/vimeo-fx-showreel\"><\/a>\n                \n                <div style=\"\" class=\"portfolio_shader\"><\/div>\n                <div class=\"image_holder\">\n                    \n<span class='image'><img loading=\"lazy\" decoding=\"async\" width=\"1000\" height=\"1000\" src=\"https:\/\/boixdesign.com\/wp-content\/uploads\/2020\/12\/gallery-sharp.png\" class=\"attachment-full size-full wp-post-image\" alt=\"\" srcset=\"https:\/\/boixdesign.com\/wp-content\/uploads\/2020\/12\/gallery-sharp.png 1000w, https:\/\/boixdesign.com\/wp-content\/uploads\/2020\/12\/gallery-sharp-300x300.png 300w, https:\/\/boixdesign.com\/wp-content\/uploads\/2020\/12\/gallery-sharp-150x150.png 150w, https:\/\/boixdesign.com\/wp-content\/uploads\/2020\/12\/gallery-sharp-768x768.png 768w, https:\/\/boixdesign.com\/wp-content\/uploads\/2020\/12\/gallery-sharp-570x570.png 570w, https:\/\/boixdesign.com\/wp-content\/uploads\/2020\/12\/gallery-sharp-500x500.png 500w, https:\/\/boixdesign.com\/wp-content\/uploads\/2020\/12\/gallery-sharp-700x700.png 700w\" sizes=\"auto, (max-width: 1000px) 100vw, 1000px\" \/><\/span>                <\/div>\n            <\/div>\n\n        \n    \n<\/article>\n<article class='mix portfolio_category_13 portfolio_category_5 portfolio_category_8 portfolio_category_12 default' style=''>\n    \n    \n    \n    \n            <div class=\"item_holder cursor_change_hover\">\n\n                    <div class=\"text_holder\">\n        <div class=\"text_holder_outer\">\n            <div class=\"text_holder_inner\">\n            \n    <h5 itemprop=\"name\" class=\"portfolio_title entry_title\"><a itemprop=\"url\" href=\"https:\/\/boixdesign.com\/fr\/portfolio_page\/patronal-de-la-micro-petita-i-mitjana-empresa-de-catalunya\"  target=\"_self\"> Pimec<\/a><\/h5>\n\n            <\/div>\n        <\/div>\n    <\/div>\n\n                                    <a itemprop=\"url\" class=\"portfolio_link_class\" title=\"Pimec\" href=\"https:\/\/boixdesign.com\/fr\/portfolio_page\/patronal-de-la-micro-petita-i-mitjana-empresa-de-catalunya\"><\/a>\n                \n                <div style=\"\" class=\"portfolio_shader\"><\/div>\n                <div class=\"image_holder\">\n                    \n<span class='image'><img loading=\"lazy\" decoding=\"async\" width=\"1000\" height=\"1000\" src=\"https:\/\/boixdesign.com\/wp-content\/uploads\/2020\/12\/gallery-Pimec.png\" class=\"attachment-full size-full wp-post-image\" alt=\"\" srcset=\"https:\/\/boixdesign.com\/wp-content\/uploads\/2020\/12\/gallery-Pimec.png 1000w, https:\/\/boixdesign.com\/wp-content\/uploads\/2020\/12\/gallery-Pimec-300x300.png 300w, https:\/\/boixdesign.com\/wp-content\/uploads\/2020\/12\/gallery-Pimec-150x150.png 150w, https:\/\/boixdesign.com\/wp-content\/uploads\/2020\/12\/gallery-Pimec-768x768.png 768w, https:\/\/boixdesign.com\/wp-content\/uploads\/2020\/12\/gallery-Pimec-570x570.png 570w, https:\/\/boixdesign.com\/wp-content\/uploads\/2020\/12\/gallery-Pimec-500x500.png 500w, https:\/\/boixdesign.com\/wp-content\/uploads\/2020\/12\/gallery-Pimec-700x700.png 700w\" sizes=\"auto, (max-width: 1000px) 100vw, 1000px\" \/><\/span>                <\/div>\n            <\/div>\n\n        \n    \n<\/article>\n<article class='mix portfolio_category_5 portfolio_category_14 default' style=''>\n    \n    \n    \n    \n            <div class=\"item_holder cursor_change_hover\">\n\n                    <div class=\"text_holder\">\n        <div class=\"text_holder_outer\">\n            <div class=\"text_holder_inner\">\n            \n    <h5 itemprop=\"name\" class=\"portfolio_title entry_title\"><a itemprop=\"url\" href=\"https:\/\/boixdesign.com\/fr\/portfolio_page\/venice-art-pavilion\"  target=\"_self\"> Academia<\/a><\/h5>\n\n            <\/div>\n        <\/div>\n    <\/div>\n\n                                    <a itemprop=\"url\" class=\"portfolio_link_class\" title=\"Academia\" href=\"https:\/\/boixdesign.com\/fr\/portfolio_page\/venice-art-pavilion\"><\/a>\n                \n                <div style=\"\" class=\"portfolio_shader\"><\/div>\n                <div class=\"image_holder\">\n                    \n<span class='image'><img loading=\"lazy\" decoding=\"async\" width=\"1000\" height=\"1000\" src=\"https:\/\/boixdesign.com\/wp-content\/uploads\/2020\/12\/gallery-academia.png\" class=\"attachment-full size-full wp-post-image\" alt=\"\" srcset=\"https:\/\/boixdesign.com\/wp-content\/uploads\/2020\/12\/gallery-academia.png 1000w, https:\/\/boixdesign.com\/wp-content\/uploads\/2020\/12\/gallery-academia-300x300.png 300w, https:\/\/boixdesign.com\/wp-content\/uploads\/2020\/12\/gallery-academia-150x150.png 150w, https:\/\/boixdesign.com\/wp-content\/uploads\/2020\/12\/gallery-academia-768x768.png 768w, https:\/\/boixdesign.com\/wp-content\/uploads\/2020\/12\/gallery-academia-570x570.png 570w, https:\/\/boixdesign.com\/wp-content\/uploads\/2020\/12\/gallery-academia-500x500.png 500w, https:\/\/boixdesign.com\/wp-content\/uploads\/2020\/12\/gallery-academia-700x700.png 700w\" sizes=\"auto, (max-width: 1000px) 100vw, 1000px\" \/><\/span>                <\/div>\n            <\/div>\n\n        \n    \n<\/article>\n        <div class='filler'><\/div>\n            <div class='filler'><\/div>\n            <div class='filler'><\/div>\n            <div class='filler'><\/div>\n        <\/div>\n\n    \n    <\/div><\/div><\/div><\/div><\/div><\/div>\n<\/div>","protected":false},"excerpt":{"rendered":"Para este cliente creamos la versi\u00f3n digital de su Memoria 2019-2020 para el formato web. En este sentido, llevamos a cabo los gr\u00e1ficos animados y un sistema de votaciones para evaluar la experiencia del usuario. Visita la website","protected":false},"author":1,"featured_media":0,"parent":0,"menu_order":0,"comment_status":"closed","ping_status":"closed","template":"full_width.php","meta":{"content-type":"","footnotes":""},"class_list":["post-222","page","type-page","status-publish","hentry"],"_links":{"self":[{"href":"https:\/\/boixdesign.com\/fr\/wp-json\/wp\/v2\/pages\/222","targetHints":{"allow":["GET"]}}],"collection":[{"href":"https:\/\/boixdesign.com\/fr\/wp-json\/wp\/v2\/pages"}],"about":[{"href":"https:\/\/boixdesign.com\/fr\/wp-json\/wp\/v2\/types\/page"}],"author":[{"embeddable":true,"href":"https:\/\/boixdesign.com\/fr\/wp-json\/wp\/v2\/users\/1"}],"replies":[{"embeddable":true,"href":"https:\/\/boixdesign.com\/fr\/wp-json\/wp\/v2\/comments?post=222"}],"version-history":[{"count":19,"href":"https:\/\/boixdesign.com\/fr\/wp-json\/wp\/v2\/pages\/222\/revisions"}],"predecessor-version":[{"id":1098,"href":"https:\/\/boixdesign.com\/fr\/wp-json\/wp\/v2\/pages\/222\/revisions\/1098"}],"wp:attachment":[{"href":"https:\/\/boixdesign.com\/fr\/wp-json\/wp\/v2\/media?parent=222"}],"curies":[{"name":"wp","href":"https:\/\/api.w.org\/{rel}","templated":true}]}}