{"id":193,"date":"2025-12-19T07:53:50","date_gmt":"2025-12-19T07:53:50","guid":{"rendered":"http:\/\/bridge37.qodeinteractive.com\/?page_id=193"},"modified":"2026-02-26T08:36:16","modified_gmt":"2026-02-26T08:36:16","slug":"equipo-creativo","status":"publish","type":"page","link":"https:\/\/boixdesign.com\/fr\/equipo-creativo","title":{"rendered":"\u00c9quipe"},"content":{"rendered":"<div class=\"wpb-content-wrapper\"><div      class=\"vc_row wpb_row section vc_row-fluid  vc_custom_1464940599530 grid_section\" style=' text-align:center;'><div class=\"section_inner clearfix\"><div class='section_inner_margin clearfix'><div class=\"wpb_column vc_column_container vc_col-sm-12\"><div class=\"vc_column-inner\"><div class=\"wpb_wrapper\">\n\t<div class=\"wpb_text_column wpb_content_element\">\n\t\t<div class=\"wpb_wrapper\">\n\t\t\t<h3>Sp\u00e9cialis\u00e9s dans l\u2019art d\u2019ajouter de la valeur<\/h3>\n\n\t\t<\/div>\n\t<\/div><div class=\"separator  small center\" style=\"margin-top: -10px;margin-bottom: 0px;background-color: #e05038;height: 1px;width: 350px;\"><\/div><div class=\"vc_empty_space\"  style=\"height: 35px\" >\n\t<span class=\"vc_empty_space_inner\">\n\t\t<span class=\"empty_space_image\"  ><\/span>\n\t<\/span>\n<\/div>\n\t<div class=\"wpb_text_column wpb_content_element\">\n\t\t<div class=\"wpb_wrapper\">\n\t\t\t<h1 style=\"color: #222222; font-size: 44px; line-height: 50px; font-style: normal; font-weight: 300; letter-spacing: 4.4px; text-transform: uppercase; margin: 0 0 16px;\">Travail en \u00e9quipe<\/h1>\n\n\t\t<\/div>\n\t<\/div><div class=\"vc_empty_space\"  style=\"height: 27px\" >\n\t<span class=\"vc_empty_space_inner\">\n\t\t<span class=\"empty_space_image\"  ><\/span>\n\t<\/span>\n<\/div>\n\t<div class=\"wpb_single_image wpb_content_element vc_align_center\">\n\t\t<div class=\"wpb_wrapper\">\n\t\t\t\n\t\t\t<div class=\"vc_single_image-wrapper   vc_box_border_grey\"><img loading=\"lazy\" decoding=\"async\" width=\"126\" height=\"11\" src=\"https:\/\/boixdesign.com\/wp-content\/uploads\/2016\/05\/pattern-short.png\" class=\"vc_single_image-img attachment-full\" alt=\"a\" title=\"pattern-short\" \/><\/div>\n\t\t<\/div>\n\t<\/div>\n<div class=\"vc_empty_space\"  style=\"height: 73px\" >\n\t<span class=\"vc_empty_space_inner\">\n\t\t<span class=\"empty_space_image\"  ><\/span>\n\t<\/span>\n<\/div><\/div><\/div><\/div><\/div><\/div><\/div><div      class=\"vc_row wpb_row section vc_row-fluid  vc_custom_1464940730972 grid_section\" style=' text-align:left;'><div class=\"section_inner clearfix\"><div class='section_inner_margin clearfix'><div class=\"wpb_column vc_column_container vc_col-sm-12 vc_col-lg-6 vc_col-md-6\"><div class=\"vc_column-inner\"><div class=\"wpb_wrapper\">\n\t<div class=\"wpb_text_column wpb_content_element\">\n\t\t<div class=\"wpb_wrapper\">\n\t\t\t<p class=\"p1\">En Boix Design tenemos un gran equipo creativo para resolver todas tus necesidades de comunicaci\u00f3n. Especialistas que trabajamos bajo el mismo paraguas para ofrecer el mejor resultado, optimiz\u00e1ndolo al m\u00e1ximo y potenciando a la vez el concepto general. Descubre todo lo que podemos hacer por ti en <a href=\"https:\/\/boixdesign.com\/fr\/servicios\/\">Services<\/a>.<\/p>\n<p class=\"p1\">Trabajamos de forma conjunta para dar a cada campa\u00f1a, a cada pieza, el car\u00e1cter propio que se merece. Cada persona aporta su visi\u00f3n y su forma de entender la comunicaci\u00f3n. Porque solo sumando peque\u00f1as partes se consiguen grandes resultados. Si quieres ver ejemplos reales, p\u00e1sate por nuestro <a href=\"https:\/\/boixdesign.com\/fr\/portafolio\/\">portafolio<\/a>.<\/p>\n<p class=\"p1\">En Boix Design creemos que un buen dise\u00f1o nace de escuchar bien. Por eso, en nuestro equipo creativo trabajamos de forma colaborativa, integrando perfiles de dise\u00f1o gr\u00e1fico, branding, web y comunicaci\u00f3n para que cada proyecto tenga coherencia y prop\u00f3sito. Nos gusta la estrategia, pero tambi\u00e9n el detalle: tipograf\u00eda, color, ritmo visual y mensajes que se entienden a la primera.<\/p>\n<p class=\"p1\">Nos adaptamos a cada cliente y a cada reto, desde piezas puntuales hasta campa\u00f1as completas. Y si el proyecto necesita un perfil muy espec\u00edfico, contamos con colaboradores de confianza para mantener el nivel de calidad que nos define. Si buscas un equipo cercano, r\u00e1pido y comprometido con el resultado, est\u00e1s en el lugar correcto. \u00bfHablamos? Escr\u00edbenos desde <a href=\"https:\/\/boixdesign.com\/fr\/contacto\/\">Contact<\/a>.<\/p>\n\n\t\t<\/div>\n\t<\/div><div class=\"vc_empty_space\"  style=\"height: 50px\" >\n\t<span class=\"vc_empty_space_inner\">\n\t\t<span class=\"empty_space_image\"  ><\/span>\n\t<\/span>\n<\/div><\/div><\/div><\/div><div class=\"wpb_column vc_column_container vc_col-sm-12 vc_col-lg-6 vc_col-md-6\"><div class=\"vc_column-inner\"><div class=\"wpb_wrapper\"><div class='q_progress_bar'><h5 class='progress_title_holder clearfix' style=''><span class='progress_title'><span>Design graphique<\/span><\/span><span class='progress_number' style=''><span>0<\/span>%<\/span><\/h5><div class='progress_content_outer' style='height: 2px;'><div data-percentage='95' class='progress_content' style='height: 2px;'><\/div><\/div><\/div><div class=\"vc_empty_space\"  style=\"height: 16px\" >\n\t<span class=\"vc_empty_space_inner\">\n\t\t<span class=\"empty_space_image\"  ><\/span>\n\t<\/span>\n<\/div><div class='q_progress_bar'><h5 class='progress_title_holder clearfix' style=''><span class='progress_title'><span>Branding<\/span><\/span><span class='progress_number' style=''><span>0<\/span>%<\/span><\/h5><div class='progress_content_outer' style='height: 2px;'><div data-percentage='93' class='progress_content' style='height: 2px;'><\/div><\/div><\/div><div class=\"vc_empty_space\"  style=\"height: 16px\" >\n\t<span class=\"vc_empty_space_inner\">\n\t\t<span class=\"empty_space_image\"  ><\/span>\n\t<\/span>\n<\/div><div class='q_progress_bar'><h5 class='progress_title_holder clearfix' style=''><span class='progress_title'><span>Web<\/span><\/span><span class='progress_number' style=''><span>0<\/span>%<\/span><\/h5><div class='progress_content_outer' style='height: 2px;'><div data-percentage='95' class='progress_content' style='height: 2px;'><\/div><\/div><\/div><div class=\"vc_empty_space\"  style=\"height: 16px\" >\n\t<span class=\"vc_empty_space_inner\">\n\t\t<span class=\"empty_space_image\"  ><\/span>\n\t<\/span>\n<\/div><div class='q_progress_bar'><h5 class='progress_title_holder clearfix' style=''><span class='progress_title'><span>Solutions digitales<\/span><\/span><span class='progress_number' style=''><span>0<\/span>%<\/span><\/h5><div class='progress_content_outer' style='height: 2px;'><div data-percentage='79' class='progress_content' style='height: 2px;'><\/div><\/div><\/div><div class=\"vc_empty_space\"  style=\"height: 16px\" >\n\t<span class=\"vc_empty_space_inner\">\n\t\t<span class=\"empty_space_image\"  ><\/span>\n\t<\/span>\n<\/div><div class='q_progress_bar'><h5 class='progress_title_holder clearfix' style=''><span class='progress_title'><span>Marketing<\/span><\/span><span class='progress_number' style=''><span>0<\/span>%<\/span><\/h5><div class='progress_content_outer' style='height: 2px;'><div data-percentage='85' class='progress_content' style='height: 2px;'><\/div><\/div><\/div><div class=\"vc_empty_space\"  style=\"height: 16px\" >\n\t<span class=\"vc_empty_space_inner\">\n\t\t<span class=\"empty_space_image\"  ><\/span>\n\t<\/span>\n<\/div><div class='q_progress_bar'><h5 class='progress_title_holder clearfix' style=''><span class='progress_title'><span>Photographie<\/span><\/span><span class='progress_number' style=''><span>0<\/span>%<\/span><\/h5><div class='progress_content_outer' style='height: 2px;'><div data-percentage='80' class='progress_content' style='height: 2px;'><\/div><\/div><\/div><div class=\"vc_empty_space\"  style=\"height: 16px\" >\n\t<span class=\"vc_empty_space_inner\">\n\t\t<span class=\"empty_space_image\"  ><\/span>\n\t<\/span>\n<\/div><div class='q_progress_bar'><h5 class='progress_title_holder clearfix' style=''><span class='progress_title'><span>Vid\u00e9o et animation<\/span><\/span><span class='progress_number' style=''><span>0<\/span>%<\/span><\/h5><div class='progress_content_outer' style='height: 2px;'><div data-percentage='90' class='progress_content' style='height: 2px;'><\/div><\/div><\/div><div class=\"vc_empty_space\"  style=\"height: 50px\" >\n\t<span class=\"vc_empty_space_inner\">\n\t\t<span class=\"empty_space_image\"  ><\/span>\n\t<\/span>\n<\/div><\/div><\/div><\/div><\/div><\/div><\/div><div      class=\"vc_row wpb_row section vc_row-fluid  vc_custom_1608633011688 grid_section\" style=' text-align:center;'><div class=\"section_inner clearfix\"><div class='section_inner_margin clearfix'><div class=\"wpb_column vc_column_container vc_col-sm-12\"><div class=\"vc_column-inner\"><div class=\"wpb_wrapper\">\n\t<div class=\"wpb_text_column wpb_content_element\">\n\t\t<div class=\"wpb_wrapper\">\n\t\t\t<h2>Chaque personne compte<\/h2>\n\n\t\t<\/div>\n\t<\/div><div class=\"vc_empty_space\"  style=\"height: 27px\" >\n\t<span class=\"vc_empty_space_inner\">\n\t\t<span class=\"empty_space_image\"  ><\/span>\n\t<\/span>\n<\/div>\n\t<div class=\"wpb_single_image wpb_content_element vc_align_center\">\n\t\t<div class=\"wpb_wrapper\">\n\t\t\t\n\t\t\t<div class=\"vc_single_image-wrapper   vc_box_border_grey\"><img loading=\"lazy\" decoding=\"async\" width=\"126\" height=\"11\" src=\"https:\/\/boixdesign.com\/wp-content\/uploads\/2016\/05\/pattern-short.png\" class=\"vc_single_image-img attachment-full\" alt=\"a\" title=\"pattern-short\" \/><\/div>\n\t\t<\/div>\n\t<\/div>\n<div class=\"vc_empty_space\"  style=\"height: 73px\" >\n\t<span class=\"vc_empty_space_inner\">\n\t\t<span class=\"empty_space_image\"  ><\/span>\n\t<\/span>\n<\/div><\/div><\/div><\/div><\/div><\/div><\/div><div      class=\"vc_row wpb_row section vc_row-fluid  vc_custom_1464940759589 grid_section\" style=' text-align:center;'><div class=\"section_inner clearfix\"><div class='section_inner_margin clearfix'><div class=\"wpb_column vc_column_container vc_col-sm-6 vc_col-lg-3 vc_col-md-6\"><div class=\"vc_column-inner\"><div class=\"wpb_wrapper\">\n\t<div class=\"wpb_single_image wpb_content_element vc_align_center\">\n\t\t<div class=\"wpb_wrapper\">\n\t\t\t\n\t\t\t<div class=\"vc_single_image-wrapper   vc_box_border_grey\"><img loading=\"lazy\" decoding=\"async\" width=\"146\" height=\"166\" src=\"https:\/\/boixdesign.com\/wp-content\/uploads\/2016\/05\/h1-team-1.jpg\" class=\"vc_single_image-img attachment-full\" alt=\"Equipo Boix Design\" title=\"h1-team-1\" \/><\/div>\n\t\t<\/div>\n\t<\/div>\n<div class=\"vc_empty_space\"  style=\"height: 53px\" >\n\t<span class=\"vc_empty_space_inner\">\n\t\t<span class=\"empty_space_image\"  ><\/span>\n\t<\/span>\n<\/div>\n\t<div class=\"wpb_text_column wpb_content_element\">\n\t\t<div class=\"wpb_wrapper\">\n\t\t\t<h5>Direction cr\u00e9ative<\/h5>\n\n\t\t<\/div>\n\t<\/div><div class=\"separator  small center\" style=\"margin-top: -7px;margin-bottom: 0px;background-color: #e05038;height: 1px;width: 200px;\"><\/div><div class=\"vc_empty_space\"  style=\"height: 17px\" >\n\t<span class=\"vc_empty_space_inner\">\n\t\t<span class=\"empty_space_image\"  ><\/span>\n\t<\/span>\n<\/div>\n\t<div class=\"wpb_text_column wpb_content_element\">\n\t\t<div class=\"wpb_wrapper\">\n\t\t\t<h4>JORDI BOIX<\/h4>\n\n\t\t<\/div>\n\t<\/div><div class='q_progress_bar'><h5 class='progress_title_holder clearfix' style=''><span class='progress_title'><span><\/span><\/span><span class='progress_number' style='font-weight: 300;'><span>0<\/span>%<\/span><\/h5><div class='progress_content_outer' style=''><div data-percentage='100' class='progress_content' style=''><\/div><\/div><\/div>\n\t<div class=\"wpb_text_column wpb_content_element\">\n\t\t<div class=\"wpb_wrapper\">\n\t\t\t<p>Oui, oui, Jordi Boix est l\u2019\u00e2me du studio et celui qui lui donne son nom. Cela fait d\u00e9j\u00e0 de nombreuses ann\u00e9es qu\u2019il vit ses projets, leur donnant une forme graphique et, bien souvent, dormant avec eux. Ce n\u2019est pas un m\u00e9tier : c\u2019est une passion. Et cela se ressent dans chaque r\u00e9alisation.<\/p>\n\n\t\t<\/div>\n\t<\/div><div class=\"vc_empty_space\"  style=\"height: 43px\" >\n\t<span class=\"vc_empty_space_inner\">\n\t\t<span class=\"empty_space_image\"  ><\/span>\n\t<\/span>\n<\/div><div class=\"vc_empty_space\"  style=\"height: 50px\" >\n\t<span class=\"vc_empty_space_inner\">\n\t\t<span class=\"empty_space_image\"  ><\/span>\n\t<\/span>\n<\/div><\/div><\/div><\/div><div class=\"wpb_column vc_column_container vc_col-sm-6 vc_col-lg-3 vc_col-md-6\"><div class=\"vc_column-inner\"><div class=\"wpb_wrapper\">\n\t<div class=\"wpb_single_image wpb_content_element vc_align_center\">\n\t\t<div class=\"wpb_wrapper\">\n\t\t\t\n\t\t\t<div class=\"vc_single_image-wrapper   vc_box_border_grey\"><img loading=\"lazy\" decoding=\"async\" width=\"136\" height=\"166\" src=\"https:\/\/boixdesign.com\/wp-content\/uploads\/2016\/05\/h1-team-2.jpg\" class=\"vc_single_image-img attachment-full\" alt=\"Equipo de dise\u00f1o\" title=\"h1-team-2\" \/><\/div>\n\t\t<\/div>\n\t<\/div>\n<div class=\"vc_empty_space\"  style=\"height: 53px\" >\n\t<span class=\"vc_empty_space_inner\">\n\t\t<span class=\"empty_space_image\"  ><\/span>\n\t<\/span>\n<\/div>\n\t<div class=\"wpb_text_column wpb_content_element\">\n\t\t<div class=\"wpb_wrapper\">\n\t\t\t<h5>Direction strat\u00e9gique<\/h5>\n\n\t\t<\/div>\n\t<\/div><div class=\"separator  small center\" style=\"margin-top: -7px;margin-bottom: 0px;background-color: #e05038;height: 1px;width: 200px;\"><\/div><div class=\"vc_empty_space\"  style=\"height: 17px\" >\n\t<span class=\"vc_empty_space_inner\">\n\t\t<span class=\"empty_space_image\"  ><\/span>\n\t<\/span>\n<\/div>\n\t<div class=\"wpb_text_column wpb_content_element\">\n\t\t<div class=\"wpb_wrapper\">\n\t\t\t<h4>JESSICA BARCEL\u00d3<\/h4>\n\n\t\t<\/div>\n\t<\/div><div class='q_progress_bar'><h5 class='progress_title_holder clearfix' style=''><span class='progress_title'><span><\/span><\/span><span class='progress_number' style='font-weight: 300;'><span>0<\/span>%<\/span><\/h5><div class='progress_content_outer' style=''><div data-percentage='100' class='progress_content' style=''><\/div><\/div><\/div>\n\t<div class=\"wpb_text_column wpb_content_element\">\n\t\t<div class=\"wpb_wrapper\">\n\t\t\t<p>Parfois, nous pensons que nous n\u2019arriverions \u00e0 bon port sans Jessica. Sa grande exp\u00e9rience et ses conseils nous apportent une vision d\u00e9terminante dans les politiques et strat\u00e9gies de notre entreprise.<\/p>\n\n\t\t<\/div>\n\t<\/div><div class=\"vc_empty_space\"  style=\"height: 43px\" >\n\t<span class=\"vc_empty_space_inner\">\n\t\t<span class=\"empty_space_image\"  ><\/span>\n\t<\/span>\n<\/div><div class=\"vc_empty_space\"  style=\"height: 50px\" >\n\t<span class=\"vc_empty_space_inner\">\n\t\t<span class=\"empty_space_image\"  ><\/span>\n\t<\/span>\n<\/div><\/div><\/div><\/div><div class=\"wpb_column vc_column_container vc_col-sm-6 vc_col-lg-3 vc_col-md-6\"><div class=\"vc_column-inner\"><div class=\"wpb_wrapper\">\n\t<div class=\"wpb_single_image wpb_content_element vc_align_center\">\n\t\t<div class=\"wpb_wrapper\">\n\t\t\t\n\t\t\t<div class=\"vc_single_image-wrapper   vc_box_border_grey\"><img loading=\"lazy\" decoding=\"async\" width=\"133\" height=\"166\" src=\"https:\/\/boixdesign.com\/wp-content\/uploads\/2016\/05\/h1-team-3.jpg\" class=\"vc_single_image-img attachment-full\" alt=\"Equipo crativo\" title=\"h1-team-3\" \/><\/div>\n\t\t<\/div>\n\t<\/div>\n<div class=\"vc_empty_space\"  style=\"height: 53px\" >\n\t<span class=\"vc_empty_space_inner\">\n\t\t<span class=\"empty_space_image\"  ><\/span>\n\t<\/span>\n<\/div>\n\t<div class=\"wpb_text_column wpb_content_element\">\n\t\t<div class=\"wpb_wrapper\">\n\t\t\t<h5>Web et d\u00e9veloppement<\/h5>\n\n\t\t<\/div>\n\t<\/div><div class=\"separator  small center\" style=\"margin-top: -7px;margin-bottom: 0px;background-color: #e05038;height: 1px;width: 200px;\"><\/div><div class=\"vc_empty_space\"  style=\"height: 17px\" >\n\t<span class=\"vc_empty_space_inner\">\n\t\t<span class=\"empty_space_image\"  ><\/span>\n\t<\/span>\n<\/div>\n\t<div class=\"wpb_text_column wpb_content_element\">\n\t\t<div class=\"wpb_wrapper\">\n\t\t\t<h4>GERARD VERG\u00c9S<\/h4>\n\n\t\t<\/div>\n\t<\/div><div class='q_progress_bar'><h5 class='progress_title_holder clearfix' style=''><span class='progress_title'><span><\/span><\/span><span class='progress_number' style='font-weight: 300;'><span>0<\/span>%<\/span><\/h5><div class='progress_content_outer' style=''><div data-percentage='100' class='progress_content' style=''><\/div><\/div><\/div>\n\t<div class=\"wpb_text_column wpb_content_element\">\n\t\t<div class=\"wpb_wrapper\">\n\t\t\t<p>Hay directores de programaci\u00f3n y directores de programaci\u00f3n. Y luego, est\u00e1 Gerard. Que nos ayuda a traspasar al mundo digital todos los conceptos que ideamos para una comunicaci\u00f3n 360\u00ba. Por tierra, mar y aire. T\u00e9cnicamente perfecta. Porque, quiz\u00e1 no lo hemos dicho, pero en Boix Asociados buscamos la excelencia hasta en la m\u00ednima expresi\u00f3n de nuestro trabajo.<\/p>\n\n\t\t<\/div>\n\t<\/div><div class=\"vc_empty_space\"  style=\"height: 43px\" >\n\t<span class=\"vc_empty_space_inner\">\n\t\t<span class=\"empty_space_image\"  ><\/span>\n\t<\/span>\n<\/div><div class=\"vc_empty_space\"  style=\"height: 50px\" >\n\t<span class=\"vc_empty_space_inner\">\n\t\t<span class=\"empty_space_image\"  ><\/span>\n\t<\/span>\n<\/div><\/div><\/div><\/div><div class=\"wpb_column vc_column_container vc_col-sm-6 vc_col-lg-3 vc_col-md-6\"><div class=\"vc_column-inner\"><div class=\"wpb_wrapper\">\n\t<div class=\"wpb_single_image wpb_content_element vc_align_center\">\n\t\t<div class=\"wpb_wrapper\">\n\t\t\t\n\t\t\t<div class=\"vc_single_image-wrapper   vc_box_border_grey\"><img loading=\"lazy\" decoding=\"async\" width=\"111\" height=\"166\" src=\"https:\/\/boixdesign.com\/wp-content\/uploads\/2016\/05\/h1-team-4.jpg\" class=\"vc_single_image-img attachment-full\" alt=\"Equipo Boix Desing\" title=\"h1-team-4\" \/><\/div>\n\t\t<\/div>\n\t<\/div>\n<div class=\"vc_empty_space\"  style=\"height: 53px\" >\n\t<span class=\"vc_empty_space_inner\">\n\t\t<span class=\"empty_space_image\"  ><\/span>\n\t<\/span>\n<\/div>\n\t<div class=\"wpb_text_column wpb_content_element\">\n\t\t<div class=\"wpb_wrapper\">\n\t\t\t<h5>Motion Design<\/h5>\n\n\t\t<\/div>\n\t<\/div><div class=\"separator  small center\" style=\"margin-top: -7px;margin-bottom: 0px;background-color: #e05038;height: 1px;width: 200px;\"><\/div><div class=\"vc_empty_space\"  style=\"height: 17px\" >\n\t<span class=\"vc_empty_space_inner\">\n\t\t<span class=\"empty_space_image\"  ><\/span>\n\t<\/span>\n<\/div>\n\t<div class=\"wpb_text_column wpb_content_element\">\n\t\t<div class=\"wpb_wrapper\">\n\t\t\t<h4>JES\u00daS SERRANO<\/h4>\n\n\t\t<\/div>\n\t<\/div><div class='q_progress_bar'><h5 class='progress_title_holder clearfix' style=''><span class='progress_title'><span><\/span><\/span><span class='progress_number' style='font-weight: 300;'><span>0<\/span>%<\/span><\/h5><div class='progress_content_outer' style=''><div data-percentage='100' class='progress_content' style=''><\/div><\/div><\/div>\n\t<div class=\"wpb_text_column wpb_content_element\">\n\t\t<div class=\"wpb_wrapper\">\n\t\t\t<p>Si tenemos que dar movimiento al dise\u00f1o, contamos con Jes\u00fas y su equipo. Motion Graphics, tambi\u00e9n llamada Animaci\u00f3n o 3D. Sus posibilidades son tan amplias como sus denominaciones, y nos ayuda a explicar conceptos, comunicar ideas y conectar con el p\u00fablico de manera muy notoria.<\/p>\n\n\t\t<\/div>\n\t<\/div><div class=\"vc_empty_space\"  style=\"height: 43px\" >\n\t<span class=\"vc_empty_space_inner\">\n\t\t<span class=\"empty_space_image\"  ><\/span>\n\t<\/span>\n<\/div><div class=\"vc_empty_space\"  style=\"height: 50px\" >\n\t<span class=\"vc_empty_space_inner\">\n\t\t<span class=\"empty_space_image\"  ><\/span>\n\t<\/span>\n<\/div><\/div><\/div><\/div><\/div><\/div><\/div>\n<\/div>","protected":false},"excerpt":{"rendered":"Especializados en sumar Trabajo en equipo En Boix Design tenemos un gran equipo creativo para resolver todas tus necesidades de comunicaci\u00f3n. Especialistas que trabajamos bajo el mismo paraguas para ofrecer el mejor resultado, optimiz\u00e1ndolo al m\u00e1ximo y potenciando a la vez el concepto general. Descubre...","protected":false},"author":1,"featured_media":0,"parent":0,"menu_order":0,"comment_status":"closed","ping_status":"closed","template":"full_width.php","meta":{"content-type":"","footnotes":""},"class_list":["post-193","page","type-page","status-publish","hentry"],"_links":{"self":[{"href":"https:\/\/boixdesign.com\/fr\/wp-json\/wp\/v2\/pages\/193","targetHints":{"allow":["GET"]}}],"collection":[{"href":"https:\/\/boixdesign.com\/fr\/wp-json\/wp\/v2\/pages"}],"about":[{"href":"https:\/\/boixdesign.com\/fr\/wp-json\/wp\/v2\/types\/page"}],"author":[{"embeddable":true,"href":"https:\/\/boixdesign.com\/fr\/wp-json\/wp\/v2\/users\/1"}],"replies":[{"embeddable":true,"href":"https:\/\/boixdesign.com\/fr\/wp-json\/wp\/v2\/comments?post=193"}],"version-history":[{"count":26,"href":"https:\/\/boixdesign.com\/fr\/wp-json\/wp\/v2\/pages\/193\/revisions"}],"predecessor-version":[{"id":1099,"href":"https:\/\/boixdesign.com\/fr\/wp-json\/wp\/v2\/pages\/193\/revisions\/1099"}],"wp:attachment":[{"href":"https:\/\/boixdesign.com\/fr\/wp-json\/wp\/v2\/media?parent=193"}],"curies":[{"name":"wp","href":"https:\/\/api.w.org\/{rel}","templated":true}]}}