{"id":184,"date":"2025-12-20T07:36:49","date_gmt":"2025-12-20T07:36:49","guid":{"rendered":"http:\/\/bridge37.qodeinteractive.com\/?page_id=184"},"modified":"2026-02-26T08:27:45","modified_gmt":"2026-02-26T08:27:45","slug":"servicios","status":"publish","type":"page","link":"https:\/\/boixdesign.com\/fr\/servicios","title":{"rendered":"Services"},"content":{"rendered":"<div class=\"wpb-content-wrapper\"><div   data-q_id=\"#top\"    class=\"vc_row wpb_row section vc_row-fluid  vc_custom_1464940552992 grid_section\" style=' text-align:center;'><div class=\"section_inner clearfix\"><div class='section_inner_margin clearfix'><div class=\"wpb_column vc_column_container vc_col-sm-12\"><div class=\"vc_column-inner\"><div class=\"wpb_wrapper\">\n\t<div class=\"wpb_text_column wpb_content_element\">\n\t\t<div class=\"wpb_wrapper\">\n\t\t\t<h3>Services<\/h3>\n\n\t\t<\/div>\n\t<\/div><div class=\"separator  small center\" style=\"margin-top: -10px;margin-bottom: 0px;background-color: #e05038;height: 1px;width: 238px;\"><\/div><div class=\"vc_empty_space\"  style=\"height: 35px\" >\n\t<span class=\"vc_empty_space_inner\">\n\t\t<span class=\"empty_space_image\"  ><\/span>\n\t<\/span>\n<\/div>\n\t<div class=\"wpb_text_column wpb_content_element\">\n\t\t<div class=\"wpb_wrapper\">\n\t\t\t<h1 style=\"color: #222222; font-size: 44px; line-height: 50px; font-style: normal; font-weight: 300; letter-spacing: 4.4px; text-transform: uppercase; margin: 0 0 16px;\">Ce qui nous distingue<\/h1>\n\n\t\t<\/div>\n\t<\/div>\n\t<div class=\"wpb_text_column wpb_content_element\">\n\t\t<div class=\"wpb_wrapper\">\n\t\t\t<blockquote><p>\n<span class=\"s1\"><b>Design graphique professionnel.<\/b><\/span> pensado para comunicar, emocionar y conectar.\n<\/p><\/blockquote>\n\n\t\t<\/div>\n\t<\/div><div class=\"vc_empty_space\"  style=\"height: 27px\" >\n\t<span class=\"vc_empty_space_inner\">\n\t\t<span class=\"empty_space_image\"  ><\/span>\n\t<\/span>\n<\/div>\n\t<div class=\"wpb_single_image wpb_content_element vc_align_center\">\n\t\t<div class=\"wpb_wrapper\">\n\t\t\t\n\t\t\t<div class=\"vc_single_image-wrapper   vc_box_border_grey\"><img loading=\"lazy\" decoding=\"async\" width=\"126\" height=\"11\" src=\"https:\/\/boixdesign.com\/wp-content\/uploads\/2016\/05\/pattern-short.png\" class=\"vc_single_image-img attachment-full\" alt=\"a\" title=\"pattern-short\" \/><\/div>\n\t\t<\/div>\n\t<\/div>\n<div class=\"vc_empty_space\"  style=\"height: 39px\" >\n\t<span class=\"vc_empty_space_inner\">\n\t\t<span class=\"empty_space_image\"  ><\/span>\n\t<\/span>\n<\/div><\/div><\/div><\/div><\/div><\/div><\/div><div      class=\"vc_row wpb_row section vc_row-fluid  vc_custom_1464939793424 grid_section\" style=' text-align:center;'><div class=\"section_inner clearfix\"><div class='section_inner_margin clearfix'><div class=\"wpb_column vc_column_container vc_col-sm-6 vc_col-lg-3 vc_col-md-3\"><div class=\"vc_column-inner\"><div class=\"wpb_wrapper\"><span data-type=\"square\" data-hover-bg-color=\"#e05038\" data-hover-icon-color=\"#ffffff\" class=\"qode_icon_shortcode fa-stack q_font_awsome_icon_square fa-lg pull-center\" style=\"background-color: rgba(255,255,255,0.01);border: 1px solid #e05038;margin: 0 0 0 0;font-size: 40px;font-size: 67px;border-radius: 200px; \"><i class=\"qodef-icon-linea-icon icon-software-scale-expand qode_icon_element\" style=\"font-size: 40px;color: #222222;\" ><\/i><\/span><div class=\"vc_empty_space\"  style=\"height: 37px\" >\n\t<span class=\"vc_empty_space_inner\">\n\t\t<span class=\"empty_space_image\"  ><\/span>\n\t<\/span>\n<\/div>\n\t<div class=\"wpb_text_column wpb_content_element\">\n\t\t<div class=\"wpb_wrapper\">\n\t\t\t<h6>Nous nous adaptons<\/h6>\n\n\t\t<\/div>\n\t<\/div><div class=\"vc_empty_space\"  style=\"height: 15px\" >\n\t<span class=\"vc_empty_space_inner\">\n\t\t<span class=\"empty_space_image\"  ><\/span>\n\t<\/span>\n<\/div>\n\t<div class=\"wpb_text_column wpb_content_element\">\n\t\t<div class=\"wpb_wrapper\">\n\t\t\t<p>Au budget, aux besoins, au public, \u00e0 ce qu\u2019il faut. La rigidit\u00e9 ne fait pas partie de notre vocabulaire.<\/p>\n\n\t\t<\/div>\n\t<\/div><div class=\"vc_empty_space\"  style=\"height: 50px\" >\n\t<span class=\"vc_empty_space_inner\">\n\t\t<span class=\"empty_space_image\"  ><\/span>\n\t<\/span>\n<\/div><\/div><\/div><\/div><div class=\"wpb_column vc_column_container vc_col-sm-6 vc_col-lg-3 vc_col-md-3\"><div class=\"vc_column-inner\"><div class=\"wpb_wrapper\"><span data-type=\"square\" data-hover-bg-color=\"#e05038\" data-hover-icon-color=\"#ffffff\" class=\"qode_icon_shortcode fa-stack q_font_awsome_icon_square fa-lg pull-center\" style=\"background-color: rgba(255,255,255,0.01);border: 1px solid #e05038;margin: 0 0 0 0;font-size: 40px;font-size: 67px;border-radius: 200px; \"><i class=\"qodef-icon-linea-icon icon-software-pen qode_icon_element\" style=\"font-size: 40px;color: #222222;\" ><\/i><\/span><div class=\"vc_empty_space\"  style=\"height: 37px\" >\n\t<span class=\"vc_empty_space_inner\">\n\t\t<span class=\"empty_space_image\"  ><\/span>\n\t<\/span>\n<\/div>\n\t<div class=\"wpb_text_column wpb_content_element\">\n\t\t<div class=\"wpb_wrapper\">\n\t\t\t<h6>Design graphique professionnel sur mesure.<\/h6>\n\n\t\t<\/div>\n\t<\/div><div class=\"vc_empty_space\"  style=\"height: 15px\" >\n\t<span class=\"vc_empty_space_inner\">\n\t\t<span class=\"empty_space_image\"  ><\/span>\n\t<\/span>\n<\/div>\n\t<div class=\"wpb_text_column wpb_content_element\">\n\t\t<div class=\"wpb_wrapper\">\n\t\t\t<p>Parce que chaque client est unique, nous travaillons de mani\u00e8re totalement personnalis\u00e9e. C\u2019est pourquoi chaque projet l\u2019est aussi.<\/p>\n\n\t\t<\/div>\n\t<\/div><div class=\"vc_empty_space\"  style=\"height: 50px\" >\n\t<span class=\"vc_empty_space_inner\">\n\t\t<span class=\"empty_space_image\"  ><\/span>\n\t<\/span>\n<\/div><\/div><\/div><\/div><div class=\"wpb_column vc_column_container vc_col-sm-6 vc_col-lg-3 vc_col-md-3\"><div class=\"vc_column-inner\"><div class=\"wpb_wrapper\"><span data-type=\"square\" data-hover-bg-color=\"#e05038\" data-hover-icon-color=\"#ffffff\" class=\"qode_icon_shortcode fa-stack q_font_awsome_icon_square fa-lg pull-center\" style=\"background-color: rgba(255,255,255,0.01);border: 1px solid #e05038;margin: 0 0 0 0;font-size: 40px;font-size: 67px;border-radius: 200px; \"><i class=\"qodef-icon-linea-icon icon-software-layers2 qode_icon_element\" style=\"font-size: 40px;color: #222222;\" ><\/i><\/span><div class=\"vc_empty_space\"  style=\"height: 37px\" >\n\t<span class=\"vc_empty_space_inner\">\n\t\t<span class=\"empty_space_image\"  ><\/span>\n\t<\/span>\n<\/div>\n\t<div class=\"wpb_text_column wpb_content_element\">\n\t\t<div class=\"wpb_wrapper\">\n\t\t\t<h6>Ce sont de nombreuses ann\u00e9es<\/h6>\n\n\t\t<\/div>\n\t<\/div><div class=\"vc_empty_space\"  style=\"height: 15px\" >\n\t<span class=\"vc_empty_space_inner\">\n\t\t<span class=\"empty_space_image\"  ><\/span>\n\t<\/span>\n<\/div>\n\t<div class=\"wpb_text_column wpb_content_element\">\n\t\t<div class=\"wpb_wrapper\">\n\t\t\t<p>Nous avons \u00e9volu\u00e9 avec les changements du m\u00e9tier et nous savons comment fonctionne le business. Appelons cela de l\u2019exp\u00e9rience.<\/p>\n\n\t\t<\/div>\n\t<\/div><div class=\"vc_empty_space\"  style=\"height: 50px\" >\n\t<span class=\"vc_empty_space_inner\">\n\t\t<span class=\"empty_space_image\"  ><\/span>\n\t<\/span>\n<\/div><\/div><\/div><\/div><div class=\"wpb_column vc_column_container vc_col-sm-6 vc_col-lg-3 vc_col-md-3\"><div class=\"vc_column-inner\"><div class=\"wpb_wrapper\"><span data-type=\"square\" data-hover-bg-color=\"#e05038\" data-hover-icon-color=\"#ffffff\" class=\"qode_icon_shortcode fa-stack q_font_awsome_icon_square fa-lg pull-center\" style=\"background-color: rgba(255,255,255,0.01);border: 1px solid #e05038;margin: 0 0 0 0;font-size: 40px;font-size: 67px;border-radius: 200px; \"><i class=\"qodef-icon-linea-icon icon-software-font-baseline-shift qode_icon_element\" style=\"font-size: 40px;color: #222222;\" ><\/i><\/span><div class=\"vc_empty_space\"  style=\"height: 37px\" >\n\t<span class=\"vc_empty_space_inner\">\n\t\t<span class=\"empty_space_image\"  ><\/span>\n\t<\/span>\n<\/div>\n\t<div class=\"wpb_text_column wpb_content_element\">\n\t\t<div class=\"wpb_wrapper\">\n\t\t\t<h6>Perfectionnistes<\/h6>\n\n\t\t<\/div>\n\t<\/div><div class=\"vc_empty_space\"  style=\"height: 15px\" >\n\t<span class=\"vc_empty_space_inner\">\n\t\t<span class=\"empty_space_image\"  ><\/span>\n\t<\/span>\n<\/div>\n\t<div class=\"wpb_text_column wpb_content_element\">\n\t\t<div class=\"wpb_wrapper\">\n\t\t\t<p>La qualit\u00e9 s\u2019exprime dans les moindres d\u00e9tails, et c\u2019est l\u00e0 que parfois on doit nous arr\u00eater. Tout \u00e7a pour la perfection.<\/p>\n\n\t\t<\/div>\n\t<\/div><div class=\"vc_empty_space\"  style=\"height: 50px\" >\n\t<span class=\"vc_empty_space_inner\">\n\t\t<span class=\"empty_space_image\"  ><\/span>\n\t<\/span>\n<\/div><\/div><\/div><\/div><\/div><\/div><\/div><div      class=\"vc_row wpb_row section vc_row-fluid  vc_custom_1464939801079 grid_section\" style=' text-align:center;'><div class=\"section_inner clearfix\"><div class='section_inner_margin clearfix'><div class=\"wpb_column vc_column_container vc_col-sm-6 vc_col-lg-3 vc_col-md-3\"><div class=\"vc_column-inner\"><div class=\"wpb_wrapper\"><span data-type=\"square\" data-hover-bg-color=\"#e05038\" data-hover-icon-color=\"#ffffff\" class=\"qode_icon_shortcode fa-stack q_font_awsome_icon_square fa-lg pull-center\" style=\"background-color: rgba(255,255,255,0.01);border: 1px solid #e05038;margin: 0 0 0 0;font-size: 40px;font-size: 67px;border-radius: 200px; \"><i class=\"qodef-icon-linea-icon icon-software-add-vectorpoint qode_icon_element\" style=\"font-size: 40px;color: #222222;\" ><\/i><\/span><div class=\"vc_empty_space\"  style=\"height: 37px\" >\n\t<span class=\"vc_empty_space_inner\">\n\t\t<span class=\"empty_space_image\"  ><\/span>\n\t<\/span>\n<\/div>\n\t<div class=\"wpb_text_column wpb_content_element\">\n\t\t<div class=\"wpb_wrapper\">\n\t\t\t<h6>Nous voulons cr\u00e9er du lien<\/h6>\n\n\t\t<\/div>\n\t<\/div><div class=\"vc_empty_space\"  style=\"height: 15px\" >\n\t<span class=\"vc_empty_space_inner\">\n\t\t<span class=\"empty_space_image\"  ><\/span>\n\t<\/span>\n<\/div>\n\t<div class=\"wpb_text_column wpb_content_element\">\n\t\t<div class=\"wpb_wrapper\">\n\t\t\t<p>Nous recherchons des id\u00e9es qui fonctionnent, des designs qui \u00e9meuvent et qui transmettent. Au-del\u00e0 de la perception esth\u00e9tique, nous recherchons l\u2019efficacit\u00e9<\/p>\n\n\t\t<\/div>\n\t<\/div><div class=\"vc_empty_space\"  style=\"height: 50px\" >\n\t<span class=\"vc_empty_space_inner\">\n\t\t<span class=\"empty_space_image\"  ><\/span>\n\t<\/span>\n<\/div><\/div><\/div><\/div><div class=\"wpb_column vc_column_container vc_col-sm-6 vc_col-lg-3 vc_col-md-3\"><div class=\"vc_column-inner\"><div class=\"wpb_wrapper\"><span data-type=\"square\" data-hover-bg-color=\"#e05038\" data-hover-icon-color=\"#ffffff\" class=\"qode_icon_shortcode fa-stack q_font_awsome_icon_square fa-lg pull-center\" style=\"background-color: rgba(255,255,255,0.01);border: 1px solid #e05038;margin: 0 0 0 0;font-size: 40px;font-size: 67px;border-radius: 200px; \"><i class=\"qodef-icon-linea-icon icon-software-layers1 qode_icon_element\" style=\"font-size: 40px;color: #222222;\" ><\/i><\/span><div class=\"vc_empty_space\"  style=\"height: 37px\" >\n\t<span class=\"vc_empty_space_inner\">\n\t\t<span class=\"empty_space_image\"  ><\/span>\n\t<\/span>\n<\/div>\n\t<div class=\"wpb_text_column wpb_content_element\">\n\t\t<div class=\"wpb_wrapper\">\n\t\t\t<h6>La polyvalence \u00e0 l\u2019\u00e9tat pur<\/h6>\n\n\t\t<\/div>\n\t<\/div><div class=\"vc_empty_space\"  style=\"height: 15px\" >\n\t<span class=\"vc_empty_space_inner\">\n\t\t<span class=\"empty_space_image\"  ><\/span>\n\t<\/span>\n<\/div>\n\t<div class=\"wpb_text_column wpb_content_element\">\n\t\t<div class=\"wpb_wrapper\">\n\t\t\t<p>La communication a de nombreux prismes, et chez Boix Design nous choisissons le support le plus adapt\u00e9 \u00e0 chaque message.<\/p>\n\n\t\t<\/div>\n\t<\/div><div class=\"vc_empty_space\"  style=\"height: 50px\" >\n\t<span class=\"vc_empty_space_inner\">\n\t\t<span class=\"empty_space_image\"  ><\/span>\n\t<\/span>\n<\/div><\/div><\/div><\/div><div class=\"wpb_column vc_column_container vc_col-sm-6 vc_col-lg-3 vc_col-md-3\"><div class=\"vc_column-inner\"><div class=\"wpb_wrapper\"><span data-type=\"square\" data-hover-bg-color=\"#e05038\" data-hover-icon-color=\"#ffffff\" class=\"qode_icon_shortcode fa-stack q_font_awsome_icon_square fa-lg pull-center\" style=\"background-color: rgba(255,255,255,0.01);border: 1px solid #e05038;margin: 0 0 0 0;font-size: 40px;font-size: 67px;border-radius: 200px; \"><i class=\"qodef-icon-linea-icon icon-software-paragraph-align-right qode_icon_element\" style=\"font-size: 40px;color: #222222;\" ><\/i><\/span><div class=\"vc_empty_space\"  style=\"height: 37px\" >\n\t<span class=\"vc_empty_space_inner\">\n\t\t<span class=\"empty_space_image\"  ><\/span>\n\t<\/span>\n<\/div>\n\t<div class=\"wpb_text_column wpb_content_element\">\n\t\t<div class=\"wpb_wrapper\">\n\t\t\t<h6>Innovants<\/h6>\n\n\t\t<\/div>\n\t<\/div><div class=\"vc_empty_space\"  style=\"height: 15px\" >\n\t<span class=\"vc_empty_space_inner\">\n\t\t<span class=\"empty_space_image\"  ><\/span>\n\t<\/span>\n<\/div>\n\t<div class=\"wpb_text_column wpb_content_element\">\n\t\t<div class=\"wpb_wrapper\">\n\t\t\t<p>Nous sommes curieux et anim\u00e9s par le besoin d\u2019explorer. Outils, tendances, ressources. \u00catre les premiers ? On adore \u00e7a.<\/p>\n\n\t\t<\/div>\n\t<\/div><div class=\"vc_empty_space\"  style=\"height: 50px\" >\n\t<span class=\"vc_empty_space_inner\">\n\t\t<span class=\"empty_space_image\"  ><\/span>\n\t<\/span>\n<\/div><\/div><\/div><\/div><div class=\"wpb_column vc_column_container vc_col-sm-6 vc_col-lg-3 vc_col-md-3\"><div class=\"vc_column-inner\"><div class=\"wpb_wrapper\"><span data-type=\"square\" data-hover-bg-color=\"#e05038\" data-hover-icon-color=\"#ffffff\" class=\"qode_icon_shortcode fa-stack q_font_awsome_icon_square fa-lg pull-center\" style=\"background-color: rgba(255,255,255,0.01);border: 1px solid #e05038;margin: 0 0 0 0;font-size: 40px;font-size: 67px;border-radius: 200px; \"><i class=\"qodef-icon-linea-icon icon-software-paintroller qode_icon_element\" style=\"font-size: 40px;color: #222222;\" ><\/i><\/span><div class=\"vc_empty_space\"  style=\"height: 37px\" >\n\t<span class=\"vc_empty_space_inner\">\n\t\t<span class=\"empty_space_image\"  ><\/span>\n\t<\/span>\n<\/div>\n\t<div class=\"wpb_text_column wpb_content_element\">\n\t\t<div class=\"wpb_wrapper\">\n\t\t\t<h6>Mucho m\u00e1s que dise\u00f1o gr\u00e1fico profesional<\/h6>\n\n\t\t<\/div>\n\t<\/div><div class=\"vc_empty_space\"  style=\"height: 15px\" >\n\t<span class=\"vc_empty_space_inner\">\n\t\t<span class=\"empty_space_image\"  ><\/span>\n\t<\/span>\n<\/div>\n\t<div class=\"wpb_text_column wpb_content_element\">\n\t\t<div class=\"wpb_wrapper\">\n\t\t\t<p>Nous souhaitons r\u00e9pondre \u00e0 l\u2019ensemble des besoins de nos clients, aussi bien gr\u00e2ce \u00e0 notre \u00e9quipe interne que par le biais de nos collaborateurs.<\/p>\n\n\t\t<\/div>\n\t<\/div><div class=\"vc_empty_space\"  style=\"height: 50px\" >\n\t<span class=\"vc_empty_space_inner\">\n\t\t<span class=\"empty_space_image\"  ><\/span>\n\t<\/span>\n<\/div><\/div><\/div><\/div><\/div><\/div><\/div><div      class=\"vc_row wpb_row section vc_row-fluid  vc_custom_1464941067491 grid_section\" style=' text-align:center;'><div class=\"section_inner clearfix\"><div class='section_inner_margin clearfix'><div class=\"wpb_column vc_column_container vc_col-sm-6 vc_col-lg-3 vc_col-md-3\"><div class=\"vc_column-inner\"><div class=\"wpb_wrapper\"><span data-type=\"square\" data-hover-bg-color=\"#e05038\" data-hover-icon-color=\"#ffffff\" class=\"qode_icon_shortcode fa-stack q_font_awsome_icon_square fa-lg pull-center\" style=\"background-color: rgba(255,255,255,0.01);border: 1px solid #e05038;margin: 0 0 0 0;font-size: 40px;font-size: 67px;border-radius: 200px; \"><i class=\"qodef-icon-linea-icon icon-software-font-vertical-scale qode_icon_element\" style=\"font-size: 40px;color: #222222;\" ><\/i><\/span><div class=\"vc_empty_space\"  style=\"height: 37px\" >\n\t<span class=\"vc_empty_space_inner\">\n\t\t<span class=\"empty_space_image\"  ><\/span>\n\t<\/span>\n<\/div>\n\t<div class=\"wpb_text_column wpb_content_element\">\n\t\t<div class=\"wpb_wrapper\">\n\t\t\t<h6>O\u00f9 tu veux<\/h6>\n\n\t\t<\/div>\n\t<\/div><div class=\"vc_empty_space\"  style=\"height: 15px\" >\n\t<span class=\"vc_empty_space_inner\">\n\t\t<span class=\"empty_space_image\"  ><\/span>\n\t<\/span>\n<\/div>\n\t<div class=\"wpb_text_column wpb_content_element\">\n\t\t<div class=\"wpb_wrapper\">\n\t\t\t<p>Le monde n\u2019a pas de fronti\u00e8res et la technologie nous permet d\u2019\u00eatre l\u00e0 o\u00f9 tu te trouves. Rapidement et avec flexibilit\u00e9. Sans complications.<\/p>\n\n\t\t<\/div>\n\t<\/div><div class=\"vc_empty_space\"  style=\"height: 50px\" >\n\t<span class=\"vc_empty_space_inner\">\n\t\t<span class=\"empty_space_image\"  ><\/span>\n\t<\/span>\n<\/div><\/div><\/div><\/div><div class=\"wpb_column vc_column_container vc_col-sm-6 vc_col-lg-3 vc_col-md-3\"><div class=\"vc_column-inner\"><div class=\"wpb_wrapper\"><span data-type=\"square\" data-hover-bg-color=\"#e05038\" data-hover-icon-color=\"#ffffff\" class=\"qode_icon_shortcode fa-stack q_font_awsome_icon_square fa-lg pull-center\" style=\"background-color: rgba(255,255,255,0.01);border: 1px solid #e05038;margin: 0 0 0 0;font-size: 40px;font-size: 67px;border-radius: 200px; \"><i class=\"qodef-icon-linea-icon icon-software-pen qode_icon_element\" style=\"font-size: 40px;color: #222222;\" ><\/i><\/span><div class=\"vc_empty_space\"  style=\"height: 37px\" >\n\t<span class=\"vc_empty_space_inner\">\n\t\t<span class=\"empty_space_image\"  ><\/span>\n\t<\/span>\n<\/div>\n\t<div class=\"wpb_text_column wpb_content_element\">\n\t\t<div class=\"wpb_wrapper\">\n\t\t\t<h6>Clients? Non, des partenaires<\/h6>\n\n\t\t<\/div>\n\t<\/div><div class=\"vc_empty_space\"  style=\"height: 15px\" >\n\t<span class=\"vc_empty_space_inner\">\n\t\t<span class=\"empty_space_image\"  ><\/span>\n\t<\/span>\n<\/div>\n\t<div class=\"wpb_text_column wpb_content_element\">\n\t\t<div class=\"wpb_wrapper\">\n\t\t\t<p>Nous travaillons en \u00e9quipe, et notre client en fait toujours partie. Nous formons une seule \u00e9quipe et cr\u00e9ons un climat de confiance.<\/p>\n\n\t\t<\/div>\n\t<\/div><div class=\"vc_empty_space\"  style=\"height: 50px\" >\n\t<span class=\"vc_empty_space_inner\">\n\t\t<span class=\"empty_space_image\"  ><\/span>\n\t<\/span>\n<\/div><\/div><\/div><\/div><div class=\"wpb_column vc_column_container vc_col-sm-6 vc_col-lg-3 vc_col-md-3\"><div class=\"vc_column-inner\"><div class=\"wpb_wrapper\"><span data-type=\"square\" data-hover-bg-color=\"#e05038\" data-hover-icon-color=\"#ffffff\" class=\"qode_icon_shortcode fa-stack q_font_awsome_icon_square fa-lg pull-center\" style=\"background-color: rgba(255,255,255,0.01);border: 1px solid #e05038;margin: 0 0 0 0;font-size: 40px;font-size: 67px;border-radius: 200px; \"><i class=\"qodef-icon-linea-icon icon-software-paragraph-justify-center qode_icon_element\" style=\"font-size: 40px;color: #222222;\" ><\/i><\/span><div class=\"vc_empty_space\"  style=\"height: 37px\" >\n\t<span class=\"vc_empty_space_inner\">\n\t\t<span class=\"empty_space_image\"  ><\/span>\n\t<\/span>\n<\/div>\n\t<div class=\"wpb_text_column wpb_content_element\">\n\t\t<div class=\"wpb_wrapper\">\n\t\t\t<h6>Tous les secteurs<\/h6>\n\n\t\t<\/div>\n\t<\/div><div class=\"vc_empty_space\"  style=\"height: 15px\" >\n\t<span class=\"vc_empty_space_inner\">\n\t\t<span class=\"empty_space_image\"  ><\/span>\n\t<\/span>\n<\/div>\n\t<div class=\"wpb_text_column wpb_content_element\">\n\t\t<div class=\"wpb_wrapper\">\n\t\t\t<p>Tout au long de notre parcours, nous avons travaill\u00e9 pour les secteurs les plus vari\u00e9s, des petites aux grandes entreprises.<\/p>\n\n\t\t<\/div>\n\t<\/div><div class=\"vc_empty_space\"  style=\"height: 50px\" >\n\t<span class=\"vc_empty_space_inner\">\n\t\t<span class=\"empty_space_image\"  ><\/span>\n\t<\/span>\n<\/div><\/div><\/div><\/div><div class=\"wpb_column vc_column_container vc_col-sm-6 vc_col-lg-3 vc_col-md-3\"><div class=\"vc_column-inner\"><div class=\"wpb_wrapper\"><span data-type=\"square\" data-hover-bg-color=\"#e05038\" data-hover-icon-color=\"#ffffff\" class=\"qode_icon_shortcode fa-stack q_font_awsome_icon_square fa-lg pull-center\" style=\"background-color: rgba(255,255,255,0.01);border: 1px solid #e05038;margin: 0 0 0 0;font-size: 40px;font-size: 67px;border-radius: 200px; \"><i class=\"qodef-icon-linea-icon icon-software-font-horizontal-scale qode_icon_element\" style=\"font-size: 40px;color: #222222;\" ><\/i><\/span><div class=\"vc_empty_space\"  style=\"height: 37px\" >\n\t<span class=\"vc_empty_space_inner\">\n\t\t<span class=\"empty_space_image\"  ><\/span>\n\t<\/span>\n<\/div>\n\t<div class=\"wpb_text_column wpb_content_element\">\n\t\t<div class=\"wpb_wrapper\">\n\t\t\t<h6>Du d\u00e9but \u00e0 la fin<\/h6>\n\n\t\t<\/div>\n\t<\/div><div class=\"vc_empty_space\"  style=\"height: 15px\" >\n\t<span class=\"vc_empty_space_inner\">\n\t\t<span class=\"empty_space_image\"  ><\/span>\n\t<\/span>\n<\/div>\n\t<div class=\"wpb_text_column wpb_content_element\">\n\t\t<div class=\"wpb_wrapper\">\n\t\t\t<p>De la strat\u00e9gie et du concept cr\u00e9atif \u00e0 la production et au suivi. Nous accompagnons nos clients tout au long du processus.<\/p>\n\n\t\t<\/div>\n\t<\/div><div class=\"vc_empty_space\"  style=\"height: 50px\" >\n\t<span class=\"vc_empty_space_inner\">\n\t\t<span class=\"empty_space_image\"  ><\/span>\n\t<\/span>\n<\/div><\/div><\/div><\/div><\/div><\/div><\/div>\n<\/div>","protected":false},"excerpt":{"rendered":"Servicios LO QUE NOS DIFERENCIA Dise\u00f1o gr\u00e1fico profesional pensado para comunicar, emocionar y conectar. Nos adaptamos Al presupuesto, a las necesidades, al p\u00fablico, a lo que sea. La rigidez no est\u00e1 en nuestro vocabulario. Dise\u00f1o gr\u00e1fico profesional a medida Porque cada cliente es \u00fanico, aqu\u00ed...","protected":false},"author":1,"featured_media":0,"parent":0,"menu_order":0,"comment_status":"closed","ping_status":"closed","template":"full_width.php","meta":{"content-type":"","footnotes":""},"class_list":["post-184","page","type-page","status-publish","hentry"],"_links":{"self":[{"href":"https:\/\/boixdesign.com\/fr\/wp-json\/wp\/v2\/pages\/184","targetHints":{"allow":["GET"]}}],"collection":[{"href":"https:\/\/boixdesign.com\/fr\/wp-json\/wp\/v2\/pages"}],"about":[{"href":"https:\/\/boixdesign.com\/fr\/wp-json\/wp\/v2\/types\/page"}],"author":[{"embeddable":true,"href":"https:\/\/boixdesign.com\/fr\/wp-json\/wp\/v2\/users\/1"}],"replies":[{"embeddable":true,"href":"https:\/\/boixdesign.com\/fr\/wp-json\/wp\/v2\/comments?post=184"}],"version-history":[{"count":12,"href":"https:\/\/boixdesign.com\/fr\/wp-json\/wp\/v2\/pages\/184\/revisions"}],"predecessor-version":[{"id":1094,"href":"https:\/\/boixdesign.com\/fr\/wp-json\/wp\/v2\/pages\/184\/revisions\/1094"}],"wp:attachment":[{"href":"https:\/\/boixdesign.com\/fr\/wp-json\/wp\/v2\/media?parent=184"}],"curies":[{"name":"wp","href":"https:\/\/api.w.org\/{rel}","templated":true}]}}