{"id":206,"date":"2025-12-17T08:10:13","date_gmt":"2025-12-17T08:10:13","guid":{"rendered":"http:\/\/bridge37.qodeinteractive.com\/?page_id=206"},"modified":"2026-02-26T08:29:48","modified_gmt":"2026-02-26T08:29:48","slug":"contacto","status":"publish","type":"page","link":"https:\/\/boixdesign.com\/en\/contacto","title":{"rendered":"Contact"},"content":{"rendered":"<div class=\"wpb-content-wrapper\"><div      class=\"vc_row wpb_row section vc_row-fluid  vc_custom_1464940599530 grid_section\" style=' text-align:center;'><div class=\" section_inner clearfix\"><div class='section_inner_margin clearfix'><div class=\"wpb_column vc_column_container vc_col-sm-12\"><div class=\"vc_column-inner\"><div class=\"wpb_wrapper\">\n\t<div class=\"wpb_text_column wpb_content_element \">\n\t\t<div class=\"wpb_wrapper\">\n\t\t\t<h3>\u00bfA qu\u00e9 esperas para conocernos?<\/h3>\n\n\t\t<\/div>\n\t<\/div><div class=\"separator  small center  \" style=\"margin-top: -10px;margin-bottom: 0px;background-color: #e05038;height: 1px;width: 350px;\"><\/div><div class=\"vc_empty_space\"  style=\"height: 35px\" >\n\t<span class=\"vc_empty_space_inner\">\n\t\t<span class=\"empty_space_image\"  ><\/span>\n\t<\/span>\n<\/div>\n\t<div class=\"wpb_text_column wpb_content_element \">\n\t\t<div class=\"wpb_wrapper\">\n\t\t\t<h1 style=\"color: #222222; font-size: 44px; line-height: 50px; font-style: normal; font-weight: 300; letter-spacing: 4.4px; text-transform: uppercase; margin: 0 0 16px;\">NUESTRA UBICACI\u00d3N<\/h1>\n\n\t\t<\/div>\n\t<\/div><div class=\"vc_empty_space\"  style=\"height: 27px\" >\n\t<span class=\"vc_empty_space_inner\">\n\t\t<span class=\"empty_space_image\"  ><\/span>\n\t<\/span>\n<\/div>\n\t<div class=\"wpb_single_image wpb_content_element vc_align_center\">\n\t\t<div class=\"wpb_wrapper\">\n\t\t\t\n\t\t\t<div class=\"vc_single_image-wrapper   vc_box_border_grey\"><img loading=\"lazy\" decoding=\"async\" width=\"126\" height=\"11\" src=\"https:\/\/boixdesign.com\/wp-content\/uploads\/2016\/05\/pattern-short.png\" class=\"vc_single_image-img attachment-full\" alt=\"a\" title=\"pattern-short\" \/><\/div>\n\t\t<\/div>\n\t<\/div>\n<div class=\"vc_empty_space\"  style=\"height: 40px\" >\n\t<span class=\"vc_empty_space_inner\">\n\t\t<span class=\"empty_space_image\"  ><\/span>\n\t<\/span>\n<\/div><\/div><\/div><\/div><\/div><\/div><\/div><div      class=\"vc_row wpb_row section vc_row-fluid \" style=' text-align:left;'><div class=\" full_section_inner clearfix\"><div class=\"wpb_column vc_column_container vc_col-sm-12\"><div class=\"vc_column-inner\"><div class=\"wpb_wrapper\"><div class='google_map_shortcode_holder' style='height:555px;'><div class='qode_google_map' style='height:555px;' id='map_canvas_98239' data-addresses='[\"Boix y Asociados, SA Disseny Gr\u00e0fic i Comunicaci\u00f3 Av. de Madrid, 190, 08028 Barcelona\",\"Sant cugat de vall\u00e9s\"]' data-custom-map-style='true' data-color-overlay='#393939' data-saturation='-100' data-lightness='0' data-zoom='11' data-pin='https:\/\/boixdesign.com\/wp-content\/uploads\/2020\/12\/pinBoix.png' data-unique-id='98239' data-google-maps-scroll-wheel='false' data-snazzy-map-style='no' data-map-height='555'><\/div><div class='google_map_shortcode_overlay'><\/div><\/div><\/div><\/div><\/div><\/div><\/div><div      class=\"vc_row wpb_row section vc_row-fluid  vc_custom_1464942860895 grid_section\" style=' text-align:left;'><div class=\" section_inner clearfix\"><div class='section_inner_margin clearfix'><div class=\"wpb_column vc_column_container vc_col-sm-12 vc_col-lg-6 vc_col-md-6\"><div class=\"vc_column-inner\"><div class=\"wpb_wrapper\">\n\t<div class=\"wpb_text_column wpb_content_element \">\n\t\t<div class=\"wpb_wrapper\">\n\t\t\t<h4>CONT\u00c1CTANOS<\/h4>\n\n\t\t<\/div>\n\t<\/div><div class=\"vc_empty_space\"  style=\"height: 33px\" >\n\t<span class=\"vc_empty_space_inner\">\n\t\t<span class=\"empty_space_image\"  ><\/span>\n\t<\/span>\n<\/div>\n\t<div class=\"wpb_text_column wpb_content_element \">\n\t\t<div class=\"wpb_wrapper\">\n\t\t\t<p>Tan f\u00e1cil como enviarnos un email, telefonearnos o hacer un comentario en nuestras redes sociales. En Boix Design nos gusta comunicarnos contigo, porque nos ayudas a seguir creciendo y aprendiendo. \u00bfHablamos? Estamos a tu disposici\u00f3n.<\/p>\n\n\t\t<\/div>\n\t<\/div><div class=\"vc_empty_space\"  style=\"height: 30px\" >\n\t<span class=\"vc_empty_space_inner\">\n\t\t<span class=\"empty_space_image\"  ><\/span>\n\t<\/span>\n<\/div><span data-type=\"square\" data-hover-bg-color=\"#e05038\" data-hover-icon-color=\"#ffffff\" class=\"qode_icon_shortcode fa-stack q_font_awsome_icon_square fa-lg  \" style=\"background-color: rgba(255,255,255,0.01);border: 1px solid #d3d3d3;margin: 0 5px 0 0;font-size: 16px;font-size: 25px;border-radius: 200px; \"><a itemprop=\"url\" href=\"https:\/\/www.linkedin.com\/in\/jordi-boix\/\" target=\"_blank\" rel=\"noopener\"><i class=\"qode_icon_font_awesome fa fa-linkedin qode_icon_element\" style=\"font-size: 16px;color: #000000;\" ><\/i><\/a><\/span><span data-type=\"square\" data-hover-bg-color=\"#e05038\" data-hover-icon-color=\"#ffffff\" class=\"qode_icon_shortcode fa-stack q_font_awsome_icon_square fa-lg  \" style=\"background-color: rgba(255,255,255,0.01);border: 1px solid #d3d3d3;margin: 0 5px 0 0;font-size: 16px;font-size: 25px;border-radius: 200px; \"><a itemprop=\"url\" href=\"https:\/\/www.instagram.com\/\" target=\"_blank\" rel=\"noopener\"><i class=\"qode_icon_font_awesome fa fa-instagram qode_icon_element\" style=\"font-size: 16px;color: #000000;\" ><\/i><\/a><\/span><span data-type=\"square\" data-hover-bg-color=\"#e05038\" data-hover-icon-color=\"#ffffff\" class=\"qode_icon_shortcode fa-stack q_font_awsome_icon_square fa-lg  \" style=\"background-color: rgba(255,255,255,0.01);border: 1px solid #d3d3d3;margin: 0 5px 0 0;font-size: 16px;font-size: 25px;border-radius: 200px; \"><a itemprop=\"url\" href=\"https:\/\/www.behance.net\/\" target=\"_blank\" rel=\"noopener\"><i class=\"qode_icon_font_awesome fa fa-behance qode_icon_element\" style=\"font-size: 16px;color: #000000;\" ><\/i><\/a><\/span><span data-type=\"square\" data-hover-bg-color=\"#e05038\" data-hover-icon-color=\"#ffffff\" class=\"qode_icon_shortcode fa-stack q_font_awsome_icon_square fa-lg  q_icon_animation\" style=\"background-color: rgba(255,255,255,0.01);border: 1px solid #d3d3d3;margin: 0;font-size: 16px;font-size: 25px;border-radius: 200px; \"><a itemprop=\"url\" href=\"http:\/\/+34934092852\" target=\"_blank\"><i class=\"qode_icon_font_awesome fa fa-phone qode_icon_element\" style=\"font-size: 16px;color: #000000;\" ><\/i><\/a><\/span><div class=\"vc_empty_space\"  style=\"height: 55px\" >\n\t<span class=\"vc_empty_space_inner\">\n\t\t<span class=\"empty_space_image\"  ><\/span>\n\t<\/span>\n<\/div><\/div><\/div><\/div><div class=\"wpb_column vc_column_container vc_col-sm-12 vc_col-lg-6 vc_col-md-6\"><div class=\"vc_column-inner\"><div class=\"wpb_wrapper\"><div class=\"vc_empty_space\"  style=\"height: 2px\" >\n\t<span class=\"vc_empty_space_inner\">\n\t\t<span class=\"empty_space_image\"  ><\/span>\n\t<\/span>\n<\/div>\n<div class=\"wpcf7 no-js\" id=\"wpcf7-f261-o1\" lang=\"es-ES\" dir=\"ltr\" data-wpcf7-id=\"261\">\n<div class=\"screen-reader-response\"><p role=\"status\" aria-live=\"polite\" aria-atomic=\"true\"><\/p> <ul><\/ul><\/div>\n<form action=\"\/en\/wp-json\/wp\/v2\/pages\/206#wpcf7-f261-o1\" method=\"post\" class=\"wpcf7-form init cf7_custom_style_1\" aria-label=\"Formulario de contacto\" novalidate=\"novalidate\" data-status=\"init\">\n<fieldset class=\"hidden-fields-container\"><input type=\"hidden\" name=\"_wpcf7\" value=\"261\" \/><input type=\"hidden\" name=\"_wpcf7_version\" value=\"6.1.5\" \/><input type=\"hidden\" name=\"_wpcf7_locale\" value=\"es_ES\" \/><input type=\"hidden\" name=\"_wpcf7_unit_tag\" value=\"wpcf7-f261-o1\" \/><input type=\"hidden\" name=\"_wpcf7_container_post\" value=\"0\" \/><input type=\"hidden\" name=\"_wpcf7_posted_data_hash\" value=\"\" \/><input type=\"hidden\" name=\"_wpcf7_recaptcha_response\" value=\"\" \/>\n<\/fieldset>\n<label> Nombre\n<span class=\"wpcf7-form-control-wrap\" data-name=\"Nombre\"><input size=\"40\" maxlength=\"400\" class=\"wpcf7-form-control wpcf7-text wpcf7-validates-as-required\" aria-required=\"true\" aria-invalid=\"false\" placeholder=\"Escribe aqu\u00ed tu nombre\" value=\"\" type=\"text\" name=\"Nombre\" \/><\/span>\n<\/label>\n\n<label> Correo electr\u00f3nico\n<span class=\"wpcf7-form-control-wrap\" data-name=\"email\"><input size=\"40\" maxlength=\"400\" class=\"wpcf7-form-control wpcf7-email wpcf7-validates-as-required wpcf7-text wpcf7-validates-as-email\" aria-required=\"true\" aria-invalid=\"false\" placeholder=\"escibe aqu\u00ed tu email\" value=\"\" type=\"email\" name=\"email\" \/><\/span>\n<\/label>\n\n<label> Asunto\n<span class=\"wpcf7-form-control-wrap\" data-name=\"Asunto\"><input size=\"40\" maxlength=\"400\" class=\"wpcf7-form-control wpcf7-text wpcf7-validates-as-required\" aria-required=\"true\" aria-invalid=\"false\" placeholder=\"Un buen titular nos ayuda\" value=\"\" type=\"text\" name=\"Asunto\" \/><\/span>\n<\/label>\n\n<label> Mensaje\n<span class=\"wpcf7-form-control-wrap\" data-name=\"your-message\"><textarea cols=\"40\" rows=\"10\" maxlength=\"2000\" class=\"wpcf7-form-control wpcf7-textarea\" aria-invalid=\"false\" placeholder=\"Expl\u00edcanos, estamos encantados de leer tus mensajes\" name=\"your-message\"><\/textarea><\/span>\n<\/label>\n\n<label> Responde a esta pregunta de seguridad\n<span class=\"wpcf7-form-control-wrap\" data-name=\"Seguridad\"><label><span class=\"wpcf7-quiz-label\">\u00bfDe que color son los platanos?<\/span> <input size=\"40\" class=\"wpcf7-form-control wpcf7-quiz\" autocomplete=\"off\" aria-required=\"true\" aria-invalid=\"false\" type=\"text\" name=\"Seguridad\" \/><\/label><input type=\"hidden\" name=\"_wpcf7_quiz_answer_Seguridad\" value=\"4cd4b021409a5f406e950e07e0bb00b4\" \/><\/span>\n<\/label>\n\n<span class=\"wpcf7-form-control-wrap\" data-name=\"Aceptacion\"><span class=\"wpcf7-form-control wpcf7-acceptance\"><span class=\"wpcf7-list-item\"><label><input type=\"checkbox\" name=\"Aceptacion\" value=\"1\" aria-invalid=\"false\" \/><span class=\"wpcf7-list-item-label\">Acepto las condiciones de uso de la web<\/span><\/label><\/span><\/span><\/span>\n\n<input class=\"wpcf7-form-control wpcf7-submit has-spinner\" type=\"submit\" value=\"Enviar\" \/><p style=\"display: none !important;\" class=\"akismet-fields-container\" data-prefix=\"_wpcf7_ak_\"><label>&#916;<textarea name=\"_wpcf7_ak_hp_textarea\" cols=\"45\" rows=\"8\" maxlength=\"100\"><\/textarea><\/label><input type=\"hidden\" id=\"ak_js_1\" name=\"_wpcf7_ak_js\" value=\"224\"\/><script>document.getElementById( \"ak_js_1\" ).setAttribute( \"value\", ( new Date() ).getTime() );<\/script><\/p><div class=\"wpcf7-response-output\" aria-hidden=\"true\"><\/div>\n<\/form>\n<\/div>\n<div class=\"vc_empty_space\"  style=\"height: 55px\" >\n\t<span class=\"vc_empty_space_inner\">\n\t\t<span class=\"empty_space_image\"  ><\/span>\n\t<\/span>\n<\/div><\/div><\/div><\/div><\/div><\/div><\/div><div      class=\"vc_row wpb_row section vc_row-fluid \" style=' text-align:left;'><div class=\" full_section_inner clearfix\"><div class=\"wpb_column vc_column_container vc_col-sm-12\"><div class=\"vc_column-inner\"><div class=\"wpb_wrapper\">\n\t<div class=\"wpb_text_column wpb_content_element \">\n\t\t<div class=\"wpb_wrapper\">\n\t\t\t\n\t\t<\/div>\n\t<\/div><\/div><\/div><\/div><\/div><\/div>\n<\/div>","protected":false},"excerpt":{"rendered":"\u00bfA qu\u00e9 esperas para conocernos? NUESTRA UBICACI\u00d3N CONT\u00c1CTANOS Tan f\u00e1cil como enviarnos un email, telefonearnos o hacer un comentario en nuestras redes sociales. En Boix Design nos gusta comunicarnos contigo, porque nos ayudas a seguir creciendo y aprendiendo. \u00bfHablamos? Estamos a tu disposici\u00f3n. Nombre Correo...","protected":false},"author":1,"featured_media":0,"parent":0,"menu_order":0,"comment_status":"closed","ping_status":"closed","template":"full_width.php","meta":{"content-type":"","footnotes":""},"class_list":["post-206","page","type-page","status-publish","hentry"],"_links":{"self":[{"href":"https:\/\/boixdesign.com\/en\/wp-json\/wp\/v2\/pages\/206","targetHints":{"allow":["GET"]}}],"collection":[{"href":"https:\/\/boixdesign.com\/en\/wp-json\/wp\/v2\/pages"}],"about":[{"href":"https:\/\/boixdesign.com\/en\/wp-json\/wp\/v2\/types\/page"}],"author":[{"embeddable":true,"href":"https:\/\/boixdesign.com\/en\/wp-json\/wp\/v2\/users\/1"}],"replies":[{"embeddable":true,"href":"https:\/\/boixdesign.com\/en\/wp-json\/wp\/v2\/comments?post=206"}],"version-history":[{"count":24,"href":"https:\/\/boixdesign.com\/en\/wp-json\/wp\/v2\/pages\/206\/revisions"}],"predecessor-version":[{"id":1095,"href":"https:\/\/boixdesign.com\/en\/wp-json\/wp\/v2\/pages\/206\/revisions\/1095"}],"wp:attachment":[{"href":"https:\/\/boixdesign.com\/en\/wp-json\/wp\/v2\/media?parent=206"}],"curies":[{"name":"wp","href":"https:\/\/api.w.org\/{rel}","templated":true}]}}