{"id":398,"date":"2025-12-21T16:51:33","date_gmt":"2025-12-21T16:51:33","guid":{"rendered":"https:\/\/boixdesign-hbk4ltfj3t.live-website.com\/?page_id=398"},"modified":"2025-12-31T13:13:08","modified_gmt":"2025-12-31T13:13:08","slug":"cookies","status":"publish","type":"page","link":"https:\/\/boixdesign.com\/ca\/cookies","title":{"rendered":"Pol\u00edtica de cookies"},"content":{"rendered":"<div class=\"wpb-content-wrapper\"><div      class=\"vc_row wpb_row section vc_row-fluid  vc_custom_1464940599530 grid_section\" style=' text-align:center;'><div class=\"section_inner clearfix\"><div class='section_inner_margin clearfix'><div class=\"wpb_column vc_column_container vc_col-sm-12\"><div class=\"vc_column-inner\"><div class=\"wpb_wrapper\">\n\t<div class=\"wpb_text_column wpb_content_element\">\n\t\t<div class=\"wpb_wrapper\">\n\t\t\t<h3>Textos legales<\/h3>\n\n\t\t<\/div>\n\t<\/div><div class=\"separator  small center\" style=\"margin-top: -10px;margin-bottom: 0px;background-color: #e05038;height: 1px;width: 238px;\"><\/div><div class=\"vc_empty_space\"  style=\"height: 35px\" >\n\t<span class=\"vc_empty_space_inner\">\n\t\t<span class=\"empty_space_image\"  ><\/span>\n\t<\/span>\n<\/div>\n\t<div class=\"wpb_text_column wpb_content_element\">\n\t\t<div class=\"wpb_wrapper\">\n\t\t\t<h2>Pol\u00edtica de cookies<\/h2>\n\n\t\t<\/div>\n\t<\/div><div class=\"vc_empty_space\"  style=\"height: 27px\" >\n\t<span class=\"vc_empty_space_inner\">\n\t\t<span class=\"empty_space_image\"  ><\/span>\n\t<\/span>\n<\/div>\n\t<div class=\"wpb_single_image wpb_content_element vc_align_center\">\n\t\t<div class=\"wpb_wrapper\">\n\t\t\t\n\t\t\t<div class=\"vc_single_image-wrapper   vc_box_border_grey\"><img loading=\"lazy\" decoding=\"async\" width=\"126\" height=\"11\" src=\"https:\/\/boixdesign.com\/wp-content\/uploads\/2016\/05\/pattern-short.png\" class=\"vc_single_image-img attachment-full\" alt=\"a\" title=\"pattern-short\" \/><\/div>\n\t\t<\/div>\n\t<\/div>\n<div class=\"vc_empty_space\"  style=\"height: 40px\" >\n\t<span class=\"vc_empty_space_inner\">\n\t\t<span class=\"empty_space_image\"  ><\/span>\n\t<\/span>\n<\/div><\/div><\/div><\/div><\/div><\/div><\/div><div      class=\"vc_row wpb_row section vc_row-fluid  grid_section\" style=' text-align:left;'><div class=\"section_inner clearfix\"><div class='section_inner_margin clearfix'><div class=\"wpb_column vc_column_container vc_col-sm-12\"><div class=\"vc_column-inner\"><div class=\"wpb_wrapper\">\n\t<div class=\"wpb_text_column wpb_content_element\">\n\t\t<div class=\"wpb_wrapper\">\n\t\t\t<p>&nbsp;<\/p>\n<section class=\"page-section section-content\">\n<div class=\"container\">\n<p>En atenci\u00f3n a lo previsto en el art\u00edculo 10 de la Ley 34\/2002, de 11 de julio, de Servicios de la Sociedad de la Informaci\u00f3n y del Comercio Electr\u00f3nico, se informa de que BOIX Y ASOCIADOS, S.A. es la empresa titular de <a href=\"https:\/\/boixdesign-hbk4ltfj3t.live-website.com\" target=\"_blank\" rel=\"noopener\">www.boixasociados.com<\/a>, domiciliada en calle Av. de Madrid, 190, 08028 de Barcelona y provista de CIF A58899519. INSCRITA EN EL REGISTRO MERCANTIL DE BARCELONA, TOMO 20396, FOLIO 183, HOJA No B-6183. Usted puede contactar con\u00a0BOIX Y ASOCIADOS, S.A. en cualquier momento enviando un correo electr\u00f3nico a la direcci\u00f3n\u202f informacion@boixasociados.com<\/p>\n<p>A trav\u00e9s de nuestro sitio web\u202f<a href=\"https:\/\/boixdesign-hbk4ltfj3t.live-website.com\" target=\"_blank\" rel=\"noopener\">www.boixasociados.com<\/a>\u00a0(en adelante, el \u201cSitio Web\u201d) el p\u00fablico podr\u00e1 acceder a noticias, informaci\u00f3n y eventos organizados por BOIX Y ASOCIADOS.<\/p>\n<p>Nuestro Sitio Web utiliza una tecnolog\u00eda denominada \u201ccookies\u201d con la finalidad de poder recabar informaci\u00f3n acerca del uso del Sitio Web. BOIX Y ASOCIADOS utiliza cookies con la finalidad de facilitar su navegaci\u00f3n a trav\u00e9s del Sitio Web, distinguirle de otros usuarios, proporcionarle una mejor experiencia en el uso del mismo, e identificar problemas para mejorar nuestro Sitio Web. Asimismo, en caso de que preste su consentimiento, utilizaremos cookies que nos permitan obtener m\u00e1s informaci\u00f3n acerca de sus preferencias y personalizar nuestro Sitio Web de conformidad con sus intereses individuales.<\/p>\n<p>La presente pol\u00edtica de cookies tiene por finalidad informarle de manera clara y precisa sobre las cookies que se utilizan en nuestro Sitio Web (la \u201cPol\u00edtica de Cookies\u201d).<\/p>\n<p>En caso de que quiera recabar m\u00e1s informaci\u00f3n sobre las cookies que utilizamos en el Sitio Web, podr\u00e1 remitir un correo electr\u00f3nico a la siguiente direcci\u00f3n:\u202finformacion@boixasociados.com.<\/p>\n<p>&nbsp;<\/p>\n<h4><strong><span class=\"has-inline-color has-vivid-red-color\">1.\u202fCookies<\/span><\/strong><\/h4>\n<p>1.1 Una cookie es un archivo que se descarga en su equipo (ordenador o dispositivo m\u00f3vil) con la finalidad de almacenar datos que podr\u00e1n ser actualizados y recuperados por la entidad responsable de su instalaci\u00f3n.<\/p>\n<p>1.2 La informaci\u00f3n recabada a trav\u00e9s de las cookies puede incluir la fecha y hora de visitas al Sitio Web, las p\u00e1ginas visionadas, el tiempo que ha estado en nuestro Sitio Web y los sitios visitados justo antes y despu\u00e9s del mismo.<\/p>\n<p>&nbsp;<\/p>\n<h4><strong><span class=\"has-inline-color has-vivid-red-color\">2.\u202fTipo de cookies que se usan en el Sitio Web<\/span><\/strong><\/h4>\n<p>Nuestro Sitio Web utiliza las cookies que se describen a continuaci\u00f3n:<\/p>\n<h5><strong>(i)\u202fCookies t\u00e9cnicas propias<\/strong><\/h5>\n<p>Son aquellas cookies que son enviadas a su ordenador y gestionadas exclusivamente por nosotros para el mejor funcionamiento del Sitio Web. La informaci\u00f3n que recabamos se emplea para mejorar la calidad de nuestro servicio y su experiencia como usuario. Estas cookies permanecen en su navegador m\u00e1s tiempo, permiti\u00e9ndonos reconocerle como visitante recurrente del Sitio Web y adaptar el contenido para ofrecerle contenidos que se ajusten a sus preferencias.<\/p>\n<h5><strong>(<\/strong><strong>ii<\/strong><strong>)\u202fCookies anal\u00edticas de terceros<\/strong><\/h5>\n<p>En nuestro Sitio Web tambi\u00e9n utilizamos el sistema de medici\u00f3n de audiencia Google\u00a0Analytics, una herramienta de an\u00e1lisis web de Google, Inc. que nos permite conocer c\u00f3mo interact\u00faan los usuarios de nuestro Sitio Web. Asimismo,\u00a0habilita cookies\u00a0en el dominio del sitio en el que se encuentra el usuario y utiliza un conjunto de cookies denominadas \u201c__utma\u201d y \u201c__utmz\u201d para recopilar informaci\u00f3n de forma an\u00f3nima y elaborar informes de tendencias del Sitio Web sin identificar a usuarios individuales.<\/p>\n<p>Junto con nuestros archivos de registro del servidor, nos permiten conocer el n\u00famero total de usuarios que visitan nuestro Sitio Web y aquellas partes del mismo que gozan de mayor popularidad. Gracias a ellas obtenemos una informaci\u00f3n que puede ayudarnos a mejorar la navegaci\u00f3n y dar un mejor servicio a usuarios y clientes.<\/p>\n<p>Incluimos a continuaci\u00f3n el enlace al sitio web de Google donde puede consultar la descripci\u00f3n del tipo de cookies que utiliza Google\u00a0Analytics\u00a0y su periodo de expiraci\u00f3n:\u202f<a href=\"https:\/\/developers.google.com\/analytics\/devguides\/collection\/analyticsjs\/cookie-usage?hl=es\" target=\"_blank\" rel=\"noopener\">https:\/\/developers.google.com\/analytics\/devguides\/collection\/analyticsjs\/cookie-usage?hl=es\u202f<\/a><\/p>\n<p>&nbsp;<\/p>\n<h4><\/h4>\n<h4><strong><span class=\"has-inline-color has-vivid-red-color\">Pol\u00edtica de privacidad<\/span><\/strong><\/h4>\n<p>La utilizaci\u00f3n de esta web y de sus formularios requiere la aceptaci\u00f3n del tratamiento de los datos del usuario conforme a esta pol\u00edtica de privacidad, incluyendo la recopilaci\u00f3n de datos de acceso y el env\u00edo de informaci\u00f3n comercial por v\u00eda electr\u00f3nica.<\/p>\n<h5><\/h5>\n<h5><strong>Responsable del<\/strong>\u00a0tratamiento de los datos\u00a0<strong>e informaci\u00f3n de contacto<\/strong><\/h5>\n<p>El responsable es: BOIX Y ASOCIADOS<\/p>\n<p>Direcci\u00f3n:\u00a0Av. de madrid 190, 08028 de Barcelona<\/p>\n<p>Datos de contacto del responsable:informacion@boixasociados.com<\/p>\n<h5><\/h5>\n<h5><strong>Finalidad del tratamiento de los datos<\/strong><\/h5>\n<p>Los datos se tratan con el objetivo de proporcionar acceso a los contenidos en l\u00ednea de la\u00a0web\u00a0as\u00ed como atender las solicitudes de los usuarios de la web, llevar un registro de visitas (direcciones IP, datos del navegador, pa\u00eds, p\u00e1gina accedida,\u00a0etc) a efectos estad\u00edsticos, aplicar medidas encaminadas a la seguridad de la web, as\u00ed como en su caso enviarle por medios electr\u00f3nicos informaci\u00f3n comercial sobre nuestros productos y servicios.<\/p>\n<p>En caso de cumplimentar alguno de los formularios ser\u00e1 necesario facilitar determinados datos personales, los cuales se tratar\u00e1n para la finalidad para la que se solicitan.<\/p>\n<h5><\/h5>\n<h5><strong>Legitimaci\u00f3n<\/strong><\/h5>\n<p>Los datos se tratan en base al consentimiento del usuario, cumplimiento de obligaciones legales, en su caso para la ejecuci\u00f3n de un\u00a0contato\u00a0o precon procesos.<\/p>\n<h5><\/h5>\n<h5><strong>Destinatarios y transferencias<\/strong><\/h5>\n<p>Destinatarios: BOIX Y ASOCIADOS.<\/p>\n<p>No se prev\u00e9 la transferencia internacional (fuera del Espacio Econ\u00f3mico Europeo), salvo con fines de almacenamiento, y en todo caso en base a la existencia de una decisi\u00f3n de adecuaci\u00f3n, en base a la existencia de garant\u00edas adecuadas, as\u00ed como entidades adheridas al acuerdo\u00a0privacy\u00a0shield\u00a0(<a href=\"http:\/\/www.privacyshield.gov\/\" target=\"_blank\" rel=\"noopener\">http:\/\/www.privacyshield.gov<\/a>)<\/p>\n<h5><\/h5>\n<h5><strong>Plazo de conservaci\u00f3n de los datos<\/strong><\/h5>\n<p>Al menos durante los plazos establecidos por la legislaci\u00f3n aplicable y en todo caso mientras se mantenga la vigencia del consentimiento<\/p>\n<h5><\/h5>\n<h5><strong>Derechos de las personas<\/strong><\/h5>\n<p>Los interesados tienen derecho a:<\/p>\n<ul>\n<li>acceder, rectificar y suprimir sus datos<\/li>\n<li>solicitar la portabilidad de sus datos,<\/li>\n<li>oponerse al tratamiento o solicitar su limitaci\u00f3n,<\/li>\n<li>retirar el consentimiento prestado, en su caso<\/li>\n<\/ul>\n<p>Para ello pueden enviar su solicitud:<\/p>\n<ul>\n<li>Por correo electr\u00f3nico, escribiendo a incluyendo en el asunto especificando en el asunto la referencia \u201cProtecci\u00f3n de datos\u201d<\/li>\n<li>Por escrito, dirigi\u00e9ndose\u00a0a, Av de madrid 190 2-1, 08028 de Barcelona<\/li>\n<li>El titular de los datos deber\u00e1 adjuntar a la solicitud la fotocopia su DNI.<\/li>\n<\/ul>\n<p>Tambi\u00e9n pueden realizar una reclamaci\u00f3n ante la Autoridad de Control de protecci\u00f3n de datos.<\/p>\n<p>&nbsp;<\/p>\n<h4 class=\"has-vivid-red-color has-text-color\"><strong>Veracidad y actualizaci\u00f3n de los datos<\/strong><\/h4>\n<p>El usuario debe rellenar los formularios con datos verdaderos, exactos, completos y actuales. El usuario no introducir\u00e1 datos correspondientes a otra persona; presumir\u00e1 que los datos han sido facilitados por el titular de los mismos. El usuario ser\u00e1 el \u00fanico responsable de cualquier da\u00f1o o perjuicio, directo o indirecto que pudiera ocasionar a cualquier persona a causa de la cumplimentaci\u00f3n del formulario con datos falsos, inexactos, incompletos o no actualizados o relativos a otra persona.<\/p>\n<p>El usuario debe comunicar cualquier modificaci\u00f3n en los datos proporcionados con el fin de mantener sus datos debidamente actualizados.<\/p>\n<p>&nbsp;<\/p>\n<h4 class=\"has-vivid-red-color has-text-color\"><strong>Seguridad de la informaci\u00f3n<\/strong><\/h4>\n<p>BOIX Y ASOCIADOS ha tomado todas las medidas legalmente requeridas para la protecci\u00f3n de datos personales; asimismo, ha adoptado todos los dispositivos t\u00e9cnicos a su alcance para evitar la p\u00e9rdida, el mal uso, la alteraci\u00f3n, el acceso o el robo de los datos personales facilitados por los usuarios de la web. El usuario tendr\u00e1 en cuenta, sin embargo, que las medidas de seguridad en Internet no son absolutamente inviolables.<\/p>\n<p>&nbsp;<\/p>\n<h4 class=\"has-vivid-red-color has-text-color\"><strong>Anal\u00edticas Web<\/strong><\/h4>\n<p>Esta web emplea diversas anal\u00edticas para conocer la manera en que es buscada, accedida y utilizada por el p\u00fablico. Estas anal\u00edticas pueden implicar la recopilaci\u00f3n de datos de car\u00e1cter personal como por ejemplo la direcci\u00f3n IP, la localizaci\u00f3n de la conexi\u00f3n, la informaci\u00f3n sobre el software o hardware de navegaci\u00f3n, etc. Esta informaci\u00f3n no se asocia a los usuarios y se utiliza con la finalidad exclusiva de obtener informaci\u00f3n estad\u00edstica sobre el uso de la web de la empresa.<\/p>\n<p>&nbsp;<\/p>\n<h4 class=\"has-vivid-red-color has-text-color\"><strong>Utilizaci\u00f3n de funciones y complementos de terceros<\/strong><\/h4>\n<p>Esta web puede incorporar funciones y complementos proporcionados por terceros para diversas finalidades,\u00a0como\u00a0por ejemplo:<\/p>\n<ul>\n<li>Anal\u00edticas web de terceros<\/li>\n<li>Mapas de terceros<\/li>\n<li>V\u00eddeos de terceros<\/li>\n<li>Compartici\u00f3n en redes sociales<\/li>\n<li>Botones \u201cfavorito\u201d \u201cme gusta\u201d \u201c+1\u201d y similares<\/li>\n<\/ul>\n<p>Una funci\u00f3n o complemento de un tercero establece una conexi\u00f3n directa entre el navegador del usuario y los dominios de Internet controlados por el tercero, permitiendo la descarga y ejecuci\u00f3n de la funci\u00f3n.<\/p>\n<p>Asimismo, la mayor\u00eda de\u00a0complementos\u00a0de terceros recopilan qu\u00e9 p\u00e1ginas visitan los usuarios para conocer sus intereses y poder ofrecerle posteriormente publicidad adaptada a los mismos.<\/p>\n<p>&nbsp;<\/p>\n<h4 class=\"has-vivid-red-color has-text-color\"><strong>Utilizaci\u00f3n de la funci\u00f3n Google\u00a0<\/strong><strong>Analytics<\/strong><strong>\u00a0proporcionada por Google, Inc.<\/strong><\/h4>\n<p>Esta web integra funciones anal\u00edticas de Google\u00a0Inc\u00a0(1600 AMPHITHEATRE PARKWAY, MOUNTAIN VIEW, CALIFORNIA, USA) para conocer la manera en que es buscada, accedida y utilizada por los usuarios. Para ello, al usar esta web el navegador del usuario establece una conexi\u00f3n directa con los servidores del dominio de Internet google.com y otros dominios de Google. Esto permite a Google registrar la actividad del\u00a0usuario\u00a0as\u00ed como informaci\u00f3n relativa a su direcci\u00f3n IP. Google\u00a0Analytics\u00a0hace uso de cookies persistentes para elaborar estad\u00edsticas an\u00f3nimas sobre el uso de esta web, conforme a la siguiente pol\u00edtica de privacidad:\u202f<a href=\"https:\/\/www.google.com\/analytics\/learn\/privacy.html?hl=es\" target=\"_blank\" rel=\"noopener\">https:\/\/www.google.com\/analytics\/learn\/privacy.html?hl=es<\/a><\/p>\n<p>Al utilizar este la web el usuario consiente el tratamiento de sus datos por Google en la forma y para los fines indicados.<\/p>\n<p>&nbsp;<\/p>\n<h4 class=\"has-vivid-red-color has-text-color\"><strong>Utilizaci\u00f3n de funciones proporcionadas por Google, Inc.<\/strong><\/h4>\n<p>Esta web integra funciones de Google\u00a0Inc\u00a0(1600 AMPHITHEATRE PARKWAY, MOUNTAIN VIEW, CALIFORNIA, USA), como por ejemplo v\u00eddeos de\u00a0Youtube, mapas y botones \u201c+1\u201d. Al usar la web, el navegador del usuario establece una conexi\u00f3n directa con los servidores del dominio de Internet google.com y otros dominios de Google. Esto permite a Google conocer que el usuario ha visitado la web desde su direcci\u00f3n IP. Google hace uso de cookies persistentes, almacenamiento local y almacenamiento local de Flash en el dispositivo del usuario, para varias finalidades. Una finalidad incluye la recopilaci\u00f3n de la actividad del usuario en Internet para ofrecerle publicidad adaptada a sus intereses, conforme a sus pol\u00edticas de privacidad. M\u00e1s informaci\u00f3n:\u00a0<a href=\"http:\/\/www.google.es\/intl\/es\/policies\/privacy\/\" target=\"_blank\" rel=\"noopener\">http:\/\/www.google.es\/intl\/es\/policies\/privacy\/<\/a><\/p>\n<p>Al utilizar este la web el usuario consiente el tratamiento de sus datos por Google en la forma y para los fines indicados.<\/p>\n<p>&nbsp;<\/p>\n<h4 class=\"has-vivid-red-color has-text-color\"><strong>Legislaci\u00f3n aplicable y jurisdicci\u00f3n competente<\/strong><\/h4>\n<p>Toda controversia derivada de cuestiones referentes al Sitio Web ser\u00e1 sometida a la competencia y jurisdicci\u00f3n exclusiva de los Tribunales de la ciudad de\u00a0Barcelona.<\/p>\n<p>&nbsp;<\/p>\n<\/div>\n<\/section>\n\n\t\t<\/div>\n\t<\/div><\/div><\/div><\/div><\/div><\/div><\/div>\n<\/div>","protected":false},"excerpt":{"rendered":"Textos legales Pol\u00edtica de Cookies &nbsp; En atenci\u00f3n a lo previsto en el art\u00edculo 10 de la Ley 34\/2002, de 11 de julio, de Servicios de la Sociedad de la Informaci\u00f3n y del Comercio Electr\u00f3nico, se informa de que BOIX Y ASOCIADOS, S.A. es la...","protected":false},"author":1,"featured_media":0,"parent":0,"menu_order":0,"comment_status":"closed","ping_status":"closed","template":"full_width.php","meta":{"content-type":"","footnotes":""},"class_list":["post-398","page","type-page","status-publish","hentry"],"_links":{"self":[{"href":"https:\/\/boixdesign.com\/ca\/wp-json\/wp\/v2\/pages\/398","targetHints":{"allow":["GET"]}}],"collection":[{"href":"https:\/\/boixdesign.com\/ca\/wp-json\/wp\/v2\/pages"}],"about":[{"href":"https:\/\/boixdesign.com\/ca\/wp-json\/wp\/v2\/types\/page"}],"author":[{"embeddable":true,"href":"https:\/\/boixdesign.com\/ca\/wp-json\/wp\/v2\/users\/1"}],"replies":[{"embeddable":true,"href":"https:\/\/boixdesign.com\/ca\/wp-json\/wp\/v2\/comments?post=398"}],"version-history":[{"count":7,"href":"https:\/\/boixdesign.com\/ca\/wp-json\/wp\/v2\/pages\/398\/revisions"}],"predecessor-version":[{"id":405,"href":"https:\/\/boixdesign.com\/ca\/wp-json\/wp\/v2\/pages\/398\/revisions\/405"}],"wp:attachment":[{"href":"https:\/\/boixdesign.com\/ca\/wp-json\/wp\/v2\/media?parent=398"}],"curies":[{"name":"wp","href":"https:\/\/api.w.org\/{rel}","templated":true}]}}